{"id":13441,"date":"2022-05-09T17:32:40","date_gmt":"2022-05-09T22:32:40","guid":{"rendered":"https:\/\/vehiculosvalle.com.co\/portalweb\/reset\/"},"modified":"2022-05-12T10:39:23","modified_gmt":"2022-05-12T15:39:23","slug":"restablecer-contrasena","status":"publish","type":"page","link":"https:\/\/vehiculosvalle.com.co\/portalweb\/restablecer-contrasena\/","title":{"rendered":"Restablecer contrase\u00f1a"},"content":{"rendered":"<div class=\"uwp-reset-class bsui sdel-52a20fce\" ><div class=\"uwp_widgets uwp_widget_reset\"><div class=\"uwp_page\">\t<div class=\"row\">\n\t\t<div class=\"card mx-auto container-fluid p-0 border-0\" >\n\t\t\t<div class=\"card-body\">\n\t\t\t\t<h3 class=\"card-title text-center mb-4\">Reset Password<\/h3>\n\t\t\t\t\n\t\t\t\t<div class=\"alert alert-danger \" role=\"alert\" ><i class=\"fas fa-exclamation-circle\"><\/i> No puede acceder a esta p\u00e1gina directamente. Siga el enlace para restablecer la contrase\u00f1a que recibi\u00f3 en su correo electr\u00f3nico. Para solicitar un nuevo enlace de restablecimiento de contrase\u00f1a <a href=\"https:\/\/vehiculosvalle.com.co\/portalweb\/olvido-su-contrasena\/\">haga clic aqu\u00ed<\/a>.<\/div>\n\t\t\t\t<div class=\"uwp-footer-links\">\n\t\t\t\t\t<div class=\"uwp-footer-link float-start\">\n\t\t\t\t\t\t<a href=\"https:\/\/vehiculosvalle.com.co\/portalweb\/ingresar\/\" class=\"d-block text-center mt-2 small\"  rel=\"nofollow\"  >Iniciar sesi\u00f3n<\/a>\n\t\t\t\t\t<\/div>\n\t\t\t\t\t<div class=\"uwp-footer-link float-end\">\n\t\t\t\t\t\t<a href=\"https:\/\/vehiculosvalle.com.co\/portalweb\/solicitar-cuenta\/\" class=\"d-block text-center mt-2 small\"  rel=\"nofollow\"  >Crear una cuenta<\/a>\n\t\t\t\t\t<\/div>\n\t\t\t\t<\/div>\n\n\t\t\t<\/div>\n\t\t<\/div>\n\t<\/div>\n<\/div><\/div>\t<script>\n        jQuery( document ).ready( function( $ ) {\n\n            $( 'body' ).on( 'keyup', 'input[name=password], input[name=confirm_password]',\n                function( event ) {\n                    var $form = $(this).closest('form');\n                    if( ! $form.hasClass('uwp-login-form') ) {\n                        uwp_checkPasswordStrength(\n                            $('input[name=password]', $form),         \/\/ First password field\n                            $('input[name=confirm_password]', $form), \/\/ Second password field\n                            $('#uwp-password-strength', $form),           \/\/ Strength meter\n                            $('input[type=submit]', $form),           \/\/ Submit button\n                            ['black', 'listed', 'word']        \/\/ Blacklisted words\n                        );\n                    }\n                }\n            );\n        });\n\t<\/script><\/div>\n","protected":false},"excerpt":{"rendered":"Reset Password No puede acceder a esta p\u00e1gina directamente. Siga el enlace para restablecer la contrase\u00f1a que recibi\u00f3 en su correo electr\u00f3nico. Para solicitar un nuevo enlace de restablecimiento de contrase\u00f1a haga clic aqu\u00ed. Iniciar sesi\u00f3n Crear una cuenta","protected":false},"author":5,"featured_media":0,"parent":0,"menu_order":0,"comment_status":"closed","ping_status":"closed","template":"","meta":{"footnotes":""},"class_list":["post-13441","page","type-page","status-publish","hentry"],"yoast_head":"<!-- This site is optimized with the Yoast SEO plugin v26.5 - https:\/\/yoast.com\/wordpress\/plugins\/seo\/ -->\n<title>Restablecer contrase\u00f1a - Impuesto Automotor Valle del Cauca<\/title>\n<meta name=\"robots\" content=\"index, follow, max-snippet:-1, max-image-preview:large, max-video-preview:-1\" \/>\n<link rel=\"canonical\" href=\"https:\/\/vehiculosvalle.com.co\/portalweb\/restablecer-contrasena\/\" \/>\n<meta property=\"og:locale\" content=\"es_ES\" \/>\n<meta property=\"og:type\" content=\"article\" \/>\n<meta property=\"og:title\" content=\"Restablecer contrase\u00f1a - Impuesto Automotor Valle del Cauca\" \/>\n<meta property=\"og:url\" content=\"https:\/\/vehiculosvalle.com.co\/portalweb\/restablecer-contrasena\/\" \/>\n<meta property=\"og:site_name\" content=\"Impuesto Automotor Valle del Cauca\" \/>\n<meta property=\"article:publisher\" content=\"https:\/\/www.facebook.com\/GobValle\/\" \/>\n<meta property=\"article:modified_time\" content=\"2022-05-12T15:39:23+00:00\" \/>\n<meta name=\"twitter:card\" content=\"summary_large_image\" \/>\n<meta name=\"twitter:site\" content=\"@GobValle\" \/>\n<script type=\"application\/ld+json\" class=\"yoast-schema-graph\">{\"@context\":\"https:\/\/schema.org\",\"@graph\":[{\"@type\":\"WebPage\",\"@id\":\"https:\/\/vehiculosvalle.com.co\/portalweb\/restablecer-contrasena\/\",\"url\":\"https:\/\/vehiculosvalle.com.co\/portalweb\/restablecer-contrasena\/\",\"name\":\"Restablecer contrase\u00f1a - Impuesto Automotor Valle del Cauca\",\"isPartOf\":{\"@id\":\"https:\/\/vehiculosvalle.com.co\/portalweb\/#website\"},\"datePublished\":\"2022-05-09T22:32:40+00:00\",\"dateModified\":\"2022-05-12T15:39:23+00:00\",\"breadcrumb\":{\"@id\":\"https:\/\/vehiculosvalle.com.co\/portalweb\/restablecer-contrasena\/#breadcrumb\"},\"inLanguage\":\"es\",\"potentialAction\":[{\"@type\":\"ReadAction\",\"target\":[\"https:\/\/vehiculosvalle.com.co\/portalweb\/restablecer-contrasena\/\"]}]},{\"@type\":\"BreadcrumbList\",\"@id\":\"https:\/\/vehiculosvalle.com.co\/portalweb\/restablecer-contrasena\/#breadcrumb\",\"itemListElement\":[{\"@type\":\"ListItem\",\"position\":1,\"name\":\"Portada\",\"item\":\"https:\/\/vehiculosvalle.com.co\/portalweb\/\"},{\"@type\":\"ListItem\",\"position\":2,\"name\":\"Restablecer contrase\u00f1a\"}]},{\"@type\":\"WebSite\",\"@id\":\"https:\/\/vehiculosvalle.com.co\/portalweb\/#website\",\"url\":\"https:\/\/vehiculosvalle.com.co\/portalweb\/\",\"name\":\"Impuesto Automotor Valle del Cauca\",\"description\":\"Consulta aqu\u00ed el estado de tu Impuesto Automotor del departamento de Valle del Cauca y paga en l\u00ednea de forma f\u00e1cil y segura.\",\"publisher\":{\"@id\":\"https:\/\/vehiculosvalle.com.co\/portalweb\/#organization\"},\"potentialAction\":[{\"@type\":\"SearchAction\",\"target\":{\"@type\":\"EntryPoint\",\"urlTemplate\":\"https:\/\/vehiculosvalle.com.co\/portalweb\/?s={search_term_string}\"},\"query-input\":{\"@type\":\"PropertyValueSpecification\",\"valueRequired\":true,\"valueName\":\"search_term_string\"}}],\"inLanguage\":\"es\"},{\"@type\":\"Organization\",\"@id\":\"https:\/\/vehiculosvalle.com.co\/portalweb\/#organization\",\"name\":\"Impuesto Vehicular del Valle del Cauca\",\"url\":\"https:\/\/vehiculosvalle.com.co\/portalweb\/\",\"logo\":{\"@type\":\"ImageObject\",\"inLanguage\":\"es\",\"@id\":\"https:\/\/vehiculosvalle.com.co\/portalweb\/#\/schema\/logo\/image\/\",\"url\":\"https:\/\/vehiculosvalle.com.co\/portalweb\/wp-content\/uploads\/2020\/06\/logo.png\",\"contentUrl\":\"https:\/\/vehiculosvalle.com.co\/portalweb\/wp-content\/uploads\/2020\/06\/logo.png\",\"width\":203,\"height\":35,\"caption\":\"Impuesto Vehicular del Valle del Cauca\"},\"image\":{\"@id\":\"https:\/\/vehiculosvalle.com.co\/portalweb\/#\/schema\/logo\/image\/\"},\"sameAs\":[\"https:\/\/www.facebook.com\/GobValle\/\",\"https:\/\/x.com\/GobValle\",\"https:\/\/www.instagram.com\/gobvalle\/\"]}]}<\/script>\n<!-- \/ Yoast SEO plugin. -->","yoast_head_json":{"title":"Restablecer contrase\u00f1a - Impuesto Automotor Valle del Cauca","robots":{"index":"index","follow":"follow","max-snippet":"max-snippet:-1","max-image-preview":"max-image-preview:large","max-video-preview":"max-video-preview:-1"},"canonical":"https:\/\/vehiculosvalle.com.co\/portalweb\/restablecer-contrasena\/","og_locale":"es_ES","og_type":"article","og_title":"Restablecer contrase\u00f1a - Impuesto Automotor Valle del Cauca","og_url":"https:\/\/vehiculosvalle.com.co\/portalweb\/restablecer-contrasena\/","og_site_name":"Impuesto Automotor Valle del Cauca","article_publisher":"https:\/\/www.facebook.com\/GobValle\/","article_modified_time":"2022-05-12T15:39:23+00:00","twitter_card":"summary_large_image","twitter_site":"@GobValle","schema":{"@context":"https:\/\/schema.org","@graph":[{"@type":"WebPage","@id":"https:\/\/vehiculosvalle.com.co\/portalweb\/restablecer-contrasena\/","url":"https:\/\/vehiculosvalle.com.co\/portalweb\/restablecer-contrasena\/","name":"Restablecer contrase\u00f1a - Impuesto Automotor Valle del Cauca","isPartOf":{"@id":"https:\/\/vehiculosvalle.com.co\/portalweb\/#website"},"datePublished":"2022-05-09T22:32:40+00:00","dateModified":"2022-05-12T15:39:23+00:00","breadcrumb":{"@id":"https:\/\/vehiculosvalle.com.co\/portalweb\/restablecer-contrasena\/#breadcrumb"},"inLanguage":"es","potentialAction":[{"@type":"ReadAction","target":["https:\/\/vehiculosvalle.com.co\/portalweb\/restablecer-contrasena\/"]}]},{"@type":"BreadcrumbList","@id":"https:\/\/vehiculosvalle.com.co\/portalweb\/restablecer-contrasena\/#breadcrumb","itemListElement":[{"@type":"ListItem","position":1,"name":"Portada","item":"https:\/\/vehiculosvalle.com.co\/portalweb\/"},{"@type":"ListItem","position":2,"name":"Restablecer contrase\u00f1a"}]},{"@type":"WebSite","@id":"https:\/\/vehiculosvalle.com.co\/portalweb\/#website","url":"https:\/\/vehiculosvalle.com.co\/portalweb\/","name":"Impuesto Automotor Valle del Cauca","description":"Consulta aqu\u00ed el estado de tu Impuesto Automotor del departamento de Valle del Cauca y paga en l\u00ednea de forma f\u00e1cil y segura.","publisher":{"@id":"https:\/\/vehiculosvalle.com.co\/portalweb\/#organization"},"potentialAction":[{"@type":"SearchAction","target":{"@type":"EntryPoint","urlTemplate":"https:\/\/vehiculosvalle.com.co\/portalweb\/?s={search_term_string}"},"query-input":{"@type":"PropertyValueSpecification","valueRequired":true,"valueName":"search_term_string"}}],"inLanguage":"es"},{"@type":"Organization","@id":"https:\/\/vehiculosvalle.com.co\/portalweb\/#organization","name":"Impuesto Vehicular del Valle del Cauca","url":"https:\/\/vehiculosvalle.com.co\/portalweb\/","logo":{"@type":"ImageObject","inLanguage":"es","@id":"https:\/\/vehiculosvalle.com.co\/portalweb\/#\/schema\/logo\/image\/","url":"https:\/\/vehiculosvalle.com.co\/portalweb\/wp-content\/uploads\/2020\/06\/logo.png","contentUrl":"https:\/\/vehiculosvalle.com.co\/portalweb\/wp-content\/uploads\/2020\/06\/logo.png","width":203,"height":35,"caption":"Impuesto Vehicular del Valle del Cauca"},"image":{"@id":"https:\/\/vehiculosvalle.com.co\/portalweb\/#\/schema\/logo\/image\/"},"sameAs":["https:\/\/www.facebook.com\/GobValle\/","https:\/\/x.com\/GobValle","https:\/\/www.instagram.com\/gobvalle\/"]}]}},"_links":{"self":[{"href":"https:\/\/vehiculosvalle.com.co\/portalweb\/wp-json\/wp\/v2\/pages\/13441","targetHints":{"allow":["GET"]}}],"collection":[{"href":"https:\/\/vehiculosvalle.com.co\/portalweb\/wp-json\/wp\/v2\/pages"}],"about":[{"href":"https:\/\/vehiculosvalle.com.co\/portalweb\/wp-json\/wp\/v2\/types\/page"}],"author":[{"embeddable":true,"href":"https:\/\/vehiculosvalle.com.co\/portalweb\/wp-json\/wp\/v2\/users\/5"}],"replies":[{"embeddable":true,"href":"https:\/\/vehiculosvalle.com.co\/portalweb\/wp-json\/wp\/v2\/comments?post=13441"}],"version-history":[{"count":2,"href":"https:\/\/vehiculosvalle.com.co\/portalweb\/wp-json\/wp\/v2\/pages\/13441\/revisions"}],"predecessor-version":[{"id":13561,"href":"https:\/\/vehiculosvalle.com.co\/portalweb\/wp-json\/wp\/v2\/pages\/13441\/revisions\/13561"}],"wp:attachment":[{"href":"https:\/\/vehiculosvalle.com.co\/portalweb\/wp-json\/wp\/v2\/media?parent=13441"}],"curies":[{"name":"wp","href":"https:\/\/api.w.org\/{rel}","templated":true}]}}