{"id":13257,"date":"2020-12-11T16:57:34","date_gmt":"2020-12-11T21:57:34","guid":{"rendered":"https:\/\/vehiculosvalle.com.co\/portalweb\/?page_id=13257"},"modified":"2022-04-27T09:55:34","modified_gmt":"2022-04-27T14:55:34","slug":"pagar-impuesto-manual","status":"publish","type":"page","link":"https:\/\/vehiculosvalle.com.co\/portalweb\/pagar-impuesto-manual\/","title":{"rendered":"Pagar Impuesto Manual"},"content":{"rendered":"<p>[vc_row][vc_column][vc_empty_space height=\u00bb60px\u00bb][\/vc_column][\/vc_row][vc_row][vc_column width=\u00bb1\/3&#8243;][vc_column_text]<\/p>\n<h3>Gu\u00eda para autodeclaraci\u00f3n de Impuesto Vehicular 2016 y anteriores<\/h3>\n<p>[\/vc_column_text][vc_empty_space height=\u00bb10px\u00bb][vc_separator color=\u00bbcustom\u00bb align=\u00bbalign_left\u00bb el_width=\u00bb20&#8243; accent_color=\u00bb#138f94&#8243;][vc_empty_space height=\u00bb10px\u00bb][vc_column_text]Conoce los pasos para acceder al formulario en blanco para la autodeclaraci\u00f3n del Impuesto Vehicular de la vigencia 2016 y anteriores.<\/p>\n<p>\u00a1Te explicamos como diligenciarlo![\/vc_column_text][vc_btn title=\u00bbDescarga el pdf aqu\u00ed\u00bb link=\u00bburl:https%3A%2F%2Fwww.valledelcauca.gov.co%2Floader.php%3FlServicio%3DTools2%26lTipo%3Dviewpdf%26id%3D48344|title:Autodeclaraci%C3%B3n%20de%20Impuesto%20Automotor%202015|target:%20_blank|rel:nofollow\u00bb el_id=\u00bbguia-autodeclaracion-impuesto-2015-anteriores\u00bb][\/vc_column][vc_column width=\u00bb1\/3&#8243;][vc_column_text]<\/p>\n<h3>Gu\u00eda para autodeclaraci\u00f3n de Impuesto Vehicular 2020, 2019, 2018 y 2017<\/h3>\n<p>[\/vc_column_text][vc_empty_space height=\u00bb10px\u00bb][vc_separator color=\u00bbcustom\u00bb align=\u00bbalign_left\u00bb el_width=\u00bb20&#8243; accent_color=\u00bb#138f94&#8243;][vc_empty_space height=\u00bb10px\u00bb][vc_column_text]Conoce los pasos para acceder al formulario en blanco para la autodeclaraci\u00f3n del Impuesto Vehicular de las vigencias 2020, 2019, 2018 y 2017.<\/p>\n<p>\u00a1Te explicamos como diligenciarlo![\/vc_column_text][vc_btn title=\u00bbDescarga el pdf aqu\u00ed\u00bb link=\u00bburl:https%3A%2F%2Fwww.valledelcauca.gov.co%2Floader.php%3FlServicio%3DTools2%26lTipo%3Dviewpdf%26id%3D48345|title:Autodeclaraci%C3%B3n%20de%20Impuesto%20Automotor%202016%2C%202017%2C%202018%20y%202019|target:%20_blank|rel:nofollow\u00bb el_id=\u00bbguia-autodeclaracion-impuesto-2016-2019&#8243;][\/vc_column][vc_column width=\u00bb1\/3&#8243;][vc_column_text]<\/p>\n<h3>Gu\u00eda para autodeclaraci\u00f3n de Impuesto Vehicular 2022<\/h3>\n<p>[\/vc_column_text][vc_empty_space height=\u00bb10px\u00bb][vc_separator color=\u00bbcustom\u00bb align=\u00bbalign_left\u00bb el_width=\u00bb20&#8243; accent_color=\u00bb#138f94&#8243;][vc_empty_space height=\u00bb10px\u00bb][vc_column_text]Conoce los pasos para acceder al formulario en blanco para la autodeclaraci\u00f3n del Impuesto Vehicular de la vigencia 2022.<\/p>\n<p>\u00a1Te explicamos como diligenciarlo![\/vc_column_text][vc_btn title=\u00bbDescarga el pdf aqu\u00ed\u00bb link=\u00bburl:https%3A%2F%2Fwww.valledelcauca.gov.co%2Floader.php%3FlServicio%3DTools2%26lTipo%3Dviewpdf%26id%3D42062|title:Autodeclaraci%C3%B3n%20de%20Impuesto%20Automotor%202020|target:%20_blank|rel:nofollow\u00bb el_id=\u00bbguia-autodeclaracion-impuesto-2020&#8243;][\/vc_column][\/vc_row][vc_row][vc_column][vc_empty_space height=\u00bb90px\u00bb][\/vc_column][\/vc_row]<\/p>\n","protected":false},"excerpt":{"rendered":"<p>[vc_row][vc_column][vc_empty_space height=\u00bb60px\u00bb][\/vc_column][\/vc_row][vc_row][vc_column width=\u00bb1\/3&#8243;][vc_column_text] Gu\u00eda para autodeclaraci\u00f3n de Impuesto Vehicular 2016 y anteriores [\/vc_column_text][vc_empty_space height=\u00bb10px\u00bb][vc_separator color=\u00bbcustom\u00bb align=\u00bbalign_left\u00bb el_width=\u00bb20&#8243; accent_color=\u00bb#138f94&#8243;][vc_empty_space height=\u00bb10px\u00bb][vc_column_text]Conoce los pasos para acceder al formulario en blanco para la autodeclaraci\u00f3n del Impuesto Vehicular de la vigencia 2016 y anteriores. \u00a1Te explicamos como diligenciarlo![\/vc_column_text][vc_btn title=\u00bbDescarga el pdf aqu\u00ed\u00bb link=\u00bburl:https%3A%2F%2Fwww.valledelcauca.gov.co%2Floader.php%3FlServicio%3DTools2%26lTipo%3Dviewpdf%26id%3D48344|title:Autodeclaraci%C3%B3n%20de%20Impuesto%20Automotor%202015|target:%20_blank|rel:nofollow\u00bb el_id=\u00bbguia-autodeclaracion-impuesto-2015-anteriores\u00bb][\/vc_column][vc_column width=\u00bb1\/3&#8243;][vc_column_text] Gu\u00eda para autodeclaraci\u00f3n de Impuesto [&hellip;]<\/p>\n","protected":false},"author":5,"featured_media":0,"parent":0,"menu_order":0,"comment_status":"closed","ping_status":"closed","template":"template-home.php","meta":{"footnotes":""},"class_list":["post-13257","page","type-page","status-publish","hentry"],"yoast_head":"<!-- This site is optimized with the Yoast SEO plugin v26.5 - https:\/\/yoast.com\/wordpress\/plugins\/seo\/ -->\n<title>Pagar Impuesto Manual - Impuesto Automotor Valle del Cauca<\/title>\n<meta name=\"robots\" content=\"index, follow, max-snippet:-1, max-image-preview:large, max-video-preview:-1\" \/>\n<link rel=\"canonical\" href=\"https:\/\/vehiculosvalle.com.co\/portalweb\/pagar-impuesto-manual\/\" \/>\n<meta property=\"og:locale\" content=\"es_ES\" \/>\n<meta property=\"og:type\" content=\"article\" \/>\n<meta property=\"og:title\" content=\"Pagar Impuesto Manual - Impuesto Automotor Valle del Cauca\" \/>\n<meta property=\"og:description\" content=\"[vc_row][vc_column][vc_empty_space height=\u00bb60px\u00bb][\/vc_column][\/vc_row][vc_row][vc_column width=\u00bb1\/3&#8243;][vc_column_text] Gu\u00eda para autodeclarac\" \/>\n<meta property=\"og:url\" content=\"https:\/\/vehiculosvalle.com.co\/portalweb\/pagar-impuesto-manual\/\" \/>\n<meta property=\"og:site_name\" content=\"Impuesto Automotor Valle del Cauca\" \/>\n<meta property=\"article:publisher\" content=\"https:\/\/www.facebook.com\/GobValle\/\" \/>\n<meta property=\"article:modified_time\" content=\"2022-04-27T14:55:34+00:00\" \/>\n<meta name=\"twitter:card\" content=\"summary_large_image\" \/>\n<meta name=\"twitter:site\" content=\"@GobValle\" \/>\n<meta name=\"twitter:label1\" content=\"Tiempo de lectura\" \/>\n\t<meta name=\"twitter:data1\" content=\"1 minuto\" \/>\n<script type=\"application\/ld+json\" class=\"yoast-schema-graph\">{\"@context\":\"https:\/\/schema.org\",\"@graph\":[{\"@type\":\"WebPage\",\"@id\":\"https:\/\/vehiculosvalle.com.co\/portalweb\/pagar-impuesto-manual\/\",\"url\":\"https:\/\/vehiculosvalle.com.co\/portalweb\/pagar-impuesto-manual\/\",\"name\":\"Pagar Impuesto Manual - Impuesto Automotor Valle del Cauca\",\"isPartOf\":{\"@id\":\"https:\/\/vehiculosvalle.com.co\/portalweb\/#website\"},\"datePublished\":\"2020-12-11T21:57:34+00:00\",\"dateModified\":\"2022-04-27T14:55:34+00:00\",\"breadcrumb\":{\"@id\":\"https:\/\/vehiculosvalle.com.co\/portalweb\/pagar-impuesto-manual\/#breadcrumb\"},\"inLanguage\":\"es\",\"potentialAction\":[{\"@type\":\"ReadAction\",\"target\":[\"https:\/\/vehiculosvalle.com.co\/portalweb\/pagar-impuesto-manual\/\"]}]},{\"@type\":\"BreadcrumbList\",\"@id\":\"https:\/\/vehiculosvalle.com.co\/portalweb\/pagar-impuesto-manual\/#breadcrumb\",\"itemListElement\":[{\"@type\":\"ListItem\",\"position\":1,\"name\":\"Portada\",\"item\":\"https:\/\/vehiculosvalle.com.co\/portalweb\/\"},{\"@type\":\"ListItem\",\"position\":2,\"name\":\"Pagar Impuesto Manual\"}]},{\"@type\":\"WebSite\",\"@id\":\"https:\/\/vehiculosvalle.com.co\/portalweb\/#website\",\"url\":\"https:\/\/vehiculosvalle.com.co\/portalweb\/\",\"name\":\"Impuesto Automotor Valle del Cauca\",\"description\":\"Consulta aqu\u00ed el estado de tu Impuesto Automotor del departamento de Valle del Cauca y paga en l\u00ednea de forma f\u00e1cil y segura.\",\"publisher\":{\"@id\":\"https:\/\/vehiculosvalle.com.co\/portalweb\/#organization\"},\"potentialAction\":[{\"@type\":\"SearchAction\",\"target\":{\"@type\":\"EntryPoint\",\"urlTemplate\":\"https:\/\/vehiculosvalle.com.co\/portalweb\/?s={search_term_string}\"},\"query-input\":{\"@type\":\"PropertyValueSpecification\",\"valueRequired\":true,\"valueName\":\"search_term_string\"}}],\"inLanguage\":\"es\"},{\"@type\":\"Organization\",\"@id\":\"https:\/\/vehiculosvalle.com.co\/portalweb\/#organization\",\"name\":\"Impuesto Vehicular del Valle del Cauca\",\"url\":\"https:\/\/vehiculosvalle.com.co\/portalweb\/\",\"logo\":{\"@type\":\"ImageObject\",\"inLanguage\":\"es\",\"@id\":\"https:\/\/vehiculosvalle.com.co\/portalweb\/#\/schema\/logo\/image\/\",\"url\":\"https:\/\/vehiculosvalle.com.co\/portalweb\/wp-content\/uploads\/2020\/06\/logo.png\",\"contentUrl\":\"https:\/\/vehiculosvalle.com.co\/portalweb\/wp-content\/uploads\/2020\/06\/logo.png\",\"width\":203,\"height\":35,\"caption\":\"Impuesto Vehicular del Valle del Cauca\"},\"image\":{\"@id\":\"https:\/\/vehiculosvalle.com.co\/portalweb\/#\/schema\/logo\/image\/\"},\"sameAs\":[\"https:\/\/www.facebook.com\/GobValle\/\",\"https:\/\/x.com\/GobValle\",\"https:\/\/www.instagram.com\/gobvalle\/\"]}]}<\/script>\n<!-- \/ Yoast SEO plugin. -->","yoast_head_json":{"title":"Pagar Impuesto Manual - Impuesto Automotor Valle del Cauca","robots":{"index":"index","follow":"follow","max-snippet":"max-snippet:-1","max-image-preview":"max-image-preview:large","max-video-preview":"max-video-preview:-1"},"canonical":"https:\/\/vehiculosvalle.com.co\/portalweb\/pagar-impuesto-manual\/","og_locale":"es_ES","og_type":"article","og_title":"Pagar Impuesto Manual - Impuesto Automotor Valle del Cauca","og_description":"[vc_row][vc_column][vc_empty_space height=\u00bb60px\u00bb][\/vc_column][\/vc_row][vc_row][vc_column width=\u00bb1\/3&#8243;][vc_column_text] Gu\u00eda para autodeclarac","og_url":"https:\/\/vehiculosvalle.com.co\/portalweb\/pagar-impuesto-manual\/","og_site_name":"Impuesto Automotor Valle del Cauca","article_publisher":"https:\/\/www.facebook.com\/GobValle\/","article_modified_time":"2022-04-27T14:55:34+00:00","twitter_card":"summary_large_image","twitter_site":"@GobValle","twitter_misc":{"Tiempo de lectura":"1 minuto"},"schema":{"@context":"https:\/\/schema.org","@graph":[{"@type":"WebPage","@id":"https:\/\/vehiculosvalle.com.co\/portalweb\/pagar-impuesto-manual\/","url":"https:\/\/vehiculosvalle.com.co\/portalweb\/pagar-impuesto-manual\/","name":"Pagar Impuesto Manual - Impuesto Automotor Valle del Cauca","isPartOf":{"@id":"https:\/\/vehiculosvalle.com.co\/portalweb\/#website"},"datePublished":"2020-12-11T21:57:34+00:00","dateModified":"2022-04-27T14:55:34+00:00","breadcrumb":{"@id":"https:\/\/vehiculosvalle.com.co\/portalweb\/pagar-impuesto-manual\/#breadcrumb"},"inLanguage":"es","potentialAction":[{"@type":"ReadAction","target":["https:\/\/vehiculosvalle.com.co\/portalweb\/pagar-impuesto-manual\/"]}]},{"@type":"BreadcrumbList","@id":"https:\/\/vehiculosvalle.com.co\/portalweb\/pagar-impuesto-manual\/#breadcrumb","itemListElement":[{"@type":"ListItem","position":1,"name":"Portada","item":"https:\/\/vehiculosvalle.com.co\/portalweb\/"},{"@type":"ListItem","position":2,"name":"Pagar Impuesto Manual"}]},{"@type":"WebSite","@id":"https:\/\/vehiculosvalle.com.co\/portalweb\/#website","url":"https:\/\/vehiculosvalle.com.co\/portalweb\/","name":"Impuesto Automotor Valle del Cauca","description":"Consulta aqu\u00ed el estado de tu Impuesto Automotor del departamento de Valle del Cauca y paga en l\u00ednea de forma f\u00e1cil y segura.","publisher":{"@id":"https:\/\/vehiculosvalle.com.co\/portalweb\/#organization"},"potentialAction":[{"@type":"SearchAction","target":{"@type":"EntryPoint","urlTemplate":"https:\/\/vehiculosvalle.com.co\/portalweb\/?s={search_term_string}"},"query-input":{"@type":"PropertyValueSpecification","valueRequired":true,"valueName":"search_term_string"}}],"inLanguage":"es"},{"@type":"Organization","@id":"https:\/\/vehiculosvalle.com.co\/portalweb\/#organization","name":"Impuesto Vehicular del Valle del Cauca","url":"https:\/\/vehiculosvalle.com.co\/portalweb\/","logo":{"@type":"ImageObject","inLanguage":"es","@id":"https:\/\/vehiculosvalle.com.co\/portalweb\/#\/schema\/logo\/image\/","url":"https:\/\/vehiculosvalle.com.co\/portalweb\/wp-content\/uploads\/2020\/06\/logo.png","contentUrl":"https:\/\/vehiculosvalle.com.co\/portalweb\/wp-content\/uploads\/2020\/06\/logo.png","width":203,"height":35,"caption":"Impuesto Vehicular del Valle del Cauca"},"image":{"@id":"https:\/\/vehiculosvalle.com.co\/portalweb\/#\/schema\/logo\/image\/"},"sameAs":["https:\/\/www.facebook.com\/GobValle\/","https:\/\/x.com\/GobValle","https:\/\/www.instagram.com\/gobvalle\/"]}]}},"_links":{"self":[{"href":"https:\/\/vehiculosvalle.com.co\/portalweb\/wp-json\/wp\/v2\/pages\/13257","targetHints":{"allow":["GET"]}}],"collection":[{"href":"https:\/\/vehiculosvalle.com.co\/portalweb\/wp-json\/wp\/v2\/pages"}],"about":[{"href":"https:\/\/vehiculosvalle.com.co\/portalweb\/wp-json\/wp\/v2\/types\/page"}],"author":[{"embeddable":true,"href":"https:\/\/vehiculosvalle.com.co\/portalweb\/wp-json\/wp\/v2\/users\/5"}],"replies":[{"embeddable":true,"href":"https:\/\/vehiculosvalle.com.co\/portalweb\/wp-json\/wp\/v2\/comments?post=13257"}],"version-history":[{"count":16,"href":"https:\/\/vehiculosvalle.com.co\/portalweb\/wp-json\/wp\/v2\/pages\/13257\/revisions"}],"predecessor-version":[{"id":13428,"href":"https:\/\/vehiculosvalle.com.co\/portalweb\/wp-json\/wp\/v2\/pages\/13257\/revisions\/13428"}],"wp:attachment":[{"href":"https:\/\/vehiculosvalle.com.co\/portalweb\/wp-json\/wp\/v2\/media?parent=13257"}],"curies":[{"name":"wp","href":"https:\/\/api.w.org\/{rel}","templated":true}]}}