{"id":13144,"date":"2020-07-15T13:05:55","date_gmt":"2020-07-15T18:05:55","guid":{"rendered":"https:\/\/vehiculosvalle.com.co\/portalweb\/?page_id=13144"},"modified":"2025-06-26T17:17:48","modified_gmt":"2025-06-26T22:17:48","slug":"video-tutoriales","status":"publish","type":"page","link":"https:\/\/vehiculosvalle.com.co\/portalweb\/video-tutoriales\/","title":{"rendered":"Video tutoriales"},"content":{"rendered":"<p>[vc_row][vc_column][vc_empty_space height=\u00bb42px\u00bb][vc_column_text]<\/p>\n<h1 style=\"color: #1270b1; text-align: left;\"><b>Aprende a trav\u00e9s de estos videos<\/b><\/h1>\n<p>[\/vc_column_text][vc_empty_space height=\u00bb42px\u00bb][\/vc_column][\/vc_row][vc_row equal_height=\u00bbyes\u00bb][vc_column width=\u00bb1\/2&#8243;][vc_column_text]<\/p>\n<h2>Consultar estado de cuenta sin inicio de sesi\u00f3n<\/h2>\n<p>[\/vc_column_text][vc_empty_space height=\u00bb10px\u00bb][vc_separator color=\u00bbcustom\u00bb align=\u00bbalign_left\u00bb el_width=\u00bb20&#8243; accent_color=\u00bb#1270b1&#8243;][vc_empty_space height=\u00bb20px\u00bb][vc_video link=\u00bbhttps:\/\/www.youtube.com\/watch?v=-5e84Vo7dX0&#8243; align=\u00bbcenter\u00bb][vc_cta h2=\u00bb\u00bb]<\/p>\n<ol>\n<li>Ingresa el n\u00famero de tu placa y tu documento de identidad.<\/li>\n<li>Ser\u00e1s direccionado a la p\u00e1gina con la informaci\u00f3n de tu veh\u00edculo.<\/li>\n<li>Haz clic en el bot\u00f3n \u201cImprimir estado de cuenta\u201d.<\/li>\n<li>Se abrir\u00e1 una nueva ventana con el documento.<\/li>\n<li>Da clic en el bot\u00f3n de descarga y guarda el archivo PDF en tu dispositivo.<\/li>\n<\/ol>\n<p>[\/vc_cta][\/vc_column][vc_column width=\u00bb1\/2&#8243;][vc_column_text]<\/p>\n<h2>Consultar estado de cuenta con inicio de sesi\u00f3n<\/h2>\n<p>[\/vc_column_text][vc_empty_space height=\u00bb10px\u00bb][vc_separator color=\u00bbcustom\u00bb align=\u00bbalign_left\u00bb el_width=\u00bb20&#8243; accent_color=\u00bb#1270b1&#8243;][vc_empty_space height=\u00bb20px\u00bb][vc_video link=\u00bbhttps:\/\/www.youtube.com\/watch?v=lF2cgATktJM\u00bb align=\u00bbcenter\u00bb][vc_cta h2=\u00bb\u00bb]<\/p>\n<ol>\n<li>Haz clic en el bot\u00f3n \u201cIngresa\u201d e introduce tu correo electr\u00f3nico y contrase\u00f1a.<\/li>\n<li>Ser\u00e1s redireccionado a la p\u00e1gina con la informaci\u00f3n de tu veh\u00edculo.<\/li>\n<li>Haz clic en el bot\u00f3n \u201cImprimir estado de cuenta\u201d.<\/li>\n<li>Se abrir\u00e1 una nueva ventana con el documento.<\/li>\n<li>Finalmente, haz clic en el bot\u00f3n de descarga y guarda el archivo PDF en tu dispositivo.<\/li>\n<\/ol>\n<p>[\/vc_cta][\/vc_column][\/vc_row][vc_row][vc_column][vc_empty_space height=\u00bb60px\u00bb][\/vc_column][\/vc_row][vc_row equal_height=\u00bbyes\u00bb][vc_column width=\u00bb1\/2&#8243;][vc_column_text]<\/p>\n<h2>Consultar e imprimir liquidaci\u00f3n sin inicio de sesi\u00f3n<\/h2>\n<p>[\/vc_column_text][vc_empty_space height=\u00bb10px\u00bb][vc_separator color=\u00bbcustom\u00bb align=\u00bbalign_left\u00bb el_width=\u00bb20&#8243; accent_color=\u00bb#1270b1&#8243;][vc_empty_space height=\u00bb20px\u00bb][vc_video link=\u00bbhttps:\/\/www.youtube.com\/watch?v=iRz8CWcTNXc\u00bb align=\u00bbcenter\u00bb][vc_cta h2=\u00bb\u00bb]<\/p>\n<ol>\n<li style=\"font-weight: 400;\">Ingresa el n\u00famero de tu placa y documento de identidad.<\/li>\n<li style=\"font-weight: 400;\">Selecciona la vigencia a liquidar y haz clic en \u201cPreparar liquidaci\u00f3n\u201d.<\/li>\n<li style=\"font-weight: 400;\">Verifica y confirma la informaci\u00f3n del veh\u00edculo.<\/li>\n<li style=\"font-weight: 400;\">Diligencia los datos del declarante y haz clic en \u201cGenerar liquidaci\u00f3n\u201d.<\/li>\n<li style=\"font-weight: 400;\">Revisa el resumen y selecciona \u201cImprimir liquidaci\u00f3n\u201d.<\/li>\n<li style=\"font-weight: 400;\">En la nueva ventana, descarga el archivo PDF y gu\u00e1rdalo en tu dispositivo.<\/li>\n<\/ol>\n<p>[\/vc_cta][\/vc_column][vc_column width=\u00bb1\/2&#8243;][vc_column_text]<\/p>\n<h2>Consultar e imprimir liquidaci\u00f3n con inicio de sesi\u00f3n<\/h2>\n<p>[\/vc_column_text][vc_empty_space height=\u00bb10px\u00bb][vc_separator color=\u00bbcustom\u00bb align=\u00bbalign_left\u00bb el_width=\u00bb20&#8243; accent_color=\u00bb#1270b1&#8243;][vc_empty_space height=\u00bb20px\u00bb][vc_video link=\u00bbhttps:\/\/www.youtube.com\/watch?v=x1RVBbnEDHU\u00bb align=\u00bbcenter\u00bb][vc_cta h2=\u00bb\u00bb]<\/p>\n<ol>\n<li style=\"font-weight: 400;\">Haz clic en \u201cIngresa\u201d e introduce tu correo y contrase\u00f1a.<\/li>\n<li style=\"font-weight: 400;\">Selecciona la vigencia a liquidar.<\/li>\n<li style=\"font-weight: 400;\">Acepta los t\u00e9rminos y condiciones.<\/li>\n<li style=\"font-weight: 400;\">Haz clic en \u201cImprimir\u201d.<\/li>\n<li style=\"font-weight: 400;\">En la nueva ventana, descarga el PDF y gu\u00e1rdalo en tu dispositivo.<\/li>\n<\/ol>\n<p>[\/vc_cta][\/vc_column][\/vc_row][vc_row][vc_column][vc_empty_space height=\u00bb60px\u00bb][\/vc_column][\/vc_row][vc_row equal_height=\u00bbyes\u00bb][vc_column width=\u00bb1\/2&#8243;][vc_column_text]<\/p>\n<h2>Liquidar y pagar sin inicio de sesi\u00f3n<\/h2>\n<p>[\/vc_column_text][vc_empty_space height=\u00bb10px\u00bb][vc_separator color=\u00bbcustom\u00bb align=\u00bbalign_left\u00bb el_width=\u00bb20&#8243; accent_color=\u00bb#1270b1&#8243;][vc_empty_space height=\u00bb20px\u00bb][vc_video link=\u00bbhttps:\/\/www.youtube.com\/watch?v=B9POov8d8Fk\u00bb align=\u00bbcenter\u00bb][vc_cta h2=\u00bb\u00bb]<\/p>\n<ol>\n<li style=\"font-weight: 400;\">Ingresa la placa del veh\u00edculo y tu documento de identidad.<\/li>\n<li style=\"font-weight: 400;\">Selecciona la vigencia y haz clic en \u201cPreparar liquidaci\u00f3n\u201d.<\/li>\n<li style=\"font-weight: 400;\">Verifica y confirma la informaci\u00f3n del veh\u00edculo.<\/li>\n<li style=\"font-weight: 400;\">Completa los datos del declarante y haz clic en \u201cGenerar liquidaci\u00f3n\u201d.<\/li>\n<li style=\"font-weight: 400;\">Revisa el resumen y selecciona \u201cPagar en l\u00ednea\u201d para continuar con el pago.<\/li>\n<\/ol>\n<p>[\/vc_cta][\/vc_column][vc_column width=\u00bb1\/2&#8243;][vc_column_text]<\/p>\n<h2>Liquidar y pagar con inicio de sesi\u00f3n<\/h2>\n<p>[\/vc_column_text][vc_empty_space height=\u00bb10px\u00bb][vc_separator color=\u00bbcustom\u00bb align=\u00bbalign_left\u00bb el_width=\u00bb20&#8243; accent_color=\u00bb#1270b1&#8243;][vc_empty_space height=\u00bb20px\u00bb][vc_video link=\u00bbhttps:\/\/www.youtube.com\/watch?v=qrYnTYCcxt8&#8243; align=\u00bbcenter\u00bb][vc_cta h2=\u00bb\u00bb]<\/p>\n<ol>\n<li style=\"font-weight: 400;\">Haz clic en el bot\u00f3n \u201cIngresa\u201d e introduce tu correo electr\u00f3nico y contrase\u00f1a.<\/li>\n<li style=\"font-weight: 400;\">En la p\u00e1gina con la informaci\u00f3n de tu veh\u00edculo, elige la vigencia que deseas liquidar.<\/li>\n<li style=\"font-weight: 400;\">Acepta los t\u00e9rminos y condiciones del servicio haciendo clic en el bot\u00f3n correspondiente.<\/li>\n<li style=\"font-weight: 400;\">Haz clic en \u201cPagar\u201d.<\/li>\n<li style=\"font-weight: 400;\">Ser\u00e1s redireccionado a la pasarela de pagos para continuar con el proceso.<\/li>\n<\/ol>\n<p>[\/vc_cta][\/vc_column][\/vc_row][vc_row][vc_column][vc_empty_space height=\u00bb60px\u00bb][\/vc_column][\/vc_row][vc_row equal_height=\u00bbyes\u00bb][vc_column width=\u00bb1\/2&#8243;][vc_column_text]<\/p>\n<h2>Registrar nuevo usuario en el portal<\/h2>\n<p>[\/vc_column_text][vc_empty_space height=\u00bb10px\u00bb][vc_separator color=\u00bbcustom\u00bb align=\u00bbalign_left\u00bb el_width=\u00bb20&#8243; accent_color=\u00bb#1270b1&#8243;][vc_empty_space height=\u00bb20px\u00bb][vc_video link=\u00bbhttps:\/\/www.youtube.com\/watch?v=crlTpiL2KCY\u00bb align=\u00bbcenter\u00bb][vc_cta h2=\u00bb\u00bb]<\/p>\n<ol>\n<li style=\"font-weight: 400;\">Haz clic en \u201cReg\u00edstrate\u201d y diligencia los campos solicitados.<\/li>\n<li style=\"font-weight: 400;\">Selecciona la informaci\u00f3n de tu veh\u00edculo y haz clic en \u201cReg\u00edstrate\u201d.<\/li>\n<li style=\"font-weight: 400;\">Revisa tu correo y confirma desde el bot\u00f3n \u201cActivar su cuenta aqu\u00ed\u201d.<\/li>\n<li style=\"font-weight: 400;\">Una vez activada, inicia sesi\u00f3n para acceder a tu cuenta.<\/li>\n<\/ol>\n<p>[\/vc_cta][\/vc_column][vc_column width=\u00bb1\/2&#8243;][vc_column_text]<\/p>\n<h2>Consultar una carta de desembargo<\/h2>\n<p>[\/vc_column_text][vc_empty_space height=\u00bb10px\u00bb][vc_separator color=\u00bbcustom\u00bb align=\u00bbalign_left\u00bb el_width=\u00bb20&#8243; accent_color=\u00bb#1270b1&#8243;][vc_empty_space height=\u00bb20px\u00bb][vc_video link=\u00bbhttps:\/\/www.youtube.com\/watch?v=ijgU2G11K48&#8243; align=\u00bbcenter\u00bb][vc_cta h2=\u00bb\u00bb]<\/p>\n<ol>\n<li style=\"font-weight: 400;\">En el men\u00fa principal, ve a \u201cAtenci\u00f3n al ciudadano\u201d y selecciona \u201cConsulta carta de desembargo\u201d.<\/li>\n<li style=\"font-weight: 400;\">Ingresa tu documento de identidad y haz clic en \u201cBuscar\u201d.<\/li>\n<li style=\"font-weight: 400;\">Selecciona el nombre del usuario.<\/li>\n<li style=\"font-weight: 400;\">Haz clic en \u201cDescargar\u201d en la vigencia que necesitas.<\/li>\n<li style=\"font-weight: 400;\">El documento se abrir\u00e1 en una nueva ventana.<\/li>\n<\/ol>\n<p>[\/vc_cta][\/vc_column][\/vc_row][vc_row][vc_column][vc_empty_space height=\u00bb42px\u00bb][vc_btn title=\u00bb\u00a1Paga ya y evita sanciones e intereses!\u00bb size=\u00bblg\u00bb align=\u00bbcenter\u00bb button_block=\u00bbtrue\u00bb link=\u00bburl:https%3A%2F%2Fwww.vehiculosvalle.com.co%2Fimpuestosweb%2F%23%2Fpublic||target:%20_blank|\u00bb][vc_empty_space height=\u00bb42px\u00bb][\/vc_column][\/vc_row][vc_row disable_element=\u00bbyes\u00bb][vc_column width=\u00bb1\/3&#8243;][vc_column_text]<\/p>\n<h2>Pago en L\u00ednea<\/h2>\n<p>[\/vc_column_text][vc_empty_space height=\u00bb10px\u00bb][vc_separator color=\u00bbcustom\u00bb align=\u00bbalign_left\u00bb el_width=\u00bb20&#8243; accent_color=\u00bb#138f94&#8243;][vc_empty_space height=\u00bb20px\u00bb][vc_video link=\u00bbhttps:\/\/www.youtube.com\/watch?v=OSjqD49O-Ik&amp;t=10s\u00bb align=\u00bbcenter\u00bb][vc_cta h2=\u00bb\u00bb]<\/p>\n<ol>\n<li style=\"font-weight: 400;\"><span style=\"font-weight: 400;\">Ingresa a <\/span><a href=\"http:\/\/www.vehiculosvalle.com.co\"><span style=\"font-weight: 400;\">www.vehiculosvalle.com.co<\/span><\/a><\/li>\n<li style=\"font-weight: 400;\">Ingresa en el inicio la placa del veh\u00edculo a consultar y el documento de identidad del propietario.<\/li>\n<li style=\"font-weight: 400;\">Selecciona el tr\u00e1mite que vas a realizar y luego debes dirigirte a \u201cPreparar liquidaci\u00f3n\u00bb.<\/li>\n<li style=\"font-weight: 400;\">Despu\u00e9s de llenar los campos con la informaci\u00f3n solicitada y aceptar los t\u00e9rminos y condiciones, ya podr\u00e1s generar la liquidaci\u00f3n para realizar el pago en l\u00ednea.<\/li>\n<li style=\"font-weight: 400;\">Selecciona tu medio de pago e ingresa los datos necesarios para completarlo.<\/li>\n<li>\u00a1Y listo! Da clic en \u00abContinuar\u00bb y finaliza el pago.<\/li>\n<\/ol>\n<p>[\/vc_cta][\/vc_column][vc_column width=\u00bb1\/3&#8243;][\/vc_column][vc_column width=\u00bb1\/3&#8243;][\/vc_column][\/vc_row]<\/p>\n","protected":false},"excerpt":{"rendered":"<p>[vc_row][vc_column][vc_empty_space height=\u00bb42px\u00bb][vc_column_text] Aprende a trav\u00e9s de estos videos [\/vc_column_text][vc_empty_space height=\u00bb42px\u00bb][\/vc_column][\/vc_row][vc_row equal_height=\u00bbyes\u00bb][vc_column width=\u00bb1\/2&#8243;][vc_column_text] Consultar estado de cuenta sin inicio de sesi\u00f3n [\/vc_column_text][vc_empty_space height=\u00bb10px\u00bb][vc_separator color=\u00bbcustom\u00bb align=\u00bbalign_left\u00bb el_width=\u00bb20&#8243; accent_color=\u00bb#1270b1&#8243;][vc_empty_space height=\u00bb20px\u00bb][vc_video link=\u00bbhttps:\/\/www.youtube.com\/watch?v=-5e84Vo7dX0&#8243; align=\u00bbcenter\u00bb][vc_cta h2=\u00bb\u00bb] Ingresa el n\u00famero de tu placa y tu documento de identidad. Ser\u00e1s direccionado a la p\u00e1gina con la informaci\u00f3n de tu veh\u00edculo. Haz clic en [&hellip;]<\/p>\n","protected":false},"author":5,"featured_media":13040,"parent":0,"menu_order":0,"comment_status":"closed","ping_status":"closed","template":"template-home.php","meta":{"footnotes":""},"class_list":["post-13144","page","type-page","status-publish","has-post-thumbnail","hentry"],"yoast_head":"<!-- This site is optimized with the Yoast SEO plugin v26.5 - https:\/\/yoast.com\/wordpress\/plugins\/seo\/ -->\n<title>Video tutoriales - Impuesto Automotor Valle del Cauca<\/title>\n<meta name=\"description\" content=\"Encuentra aqu\u00ed costos y fechas para el pago de tu Impuesto Automotor del departamento de Valle del Cauca.\" \/>\n<meta name=\"robots\" content=\"index, follow, max-snippet:-1, max-image-preview:large, max-video-preview:-1\" \/>\n<link rel=\"canonical\" href=\"https:\/\/vehiculosvalle.com.co\/portalweb\/video-tutoriales\/\" \/>\n<meta property=\"og:locale\" content=\"es_ES\" \/>\n<meta property=\"og:type\" content=\"article\" \/>\n<meta property=\"og:title\" content=\"Video tutoriales - Impuesto Automotor Valle del Cauca\" \/>\n<meta property=\"og:description\" content=\"Encuentra aqu\u00ed costos y fechas para el pago de tu Impuesto Automotor del departamento de Valle del Cauca.\" \/>\n<meta property=\"og:url\" content=\"https:\/\/vehiculosvalle.com.co\/portalweb\/video-tutoriales\/\" \/>\n<meta property=\"og:site_name\" content=\"Impuesto Automotor Valle del Cauca\" \/>\n<meta property=\"article:publisher\" content=\"https:\/\/www.facebook.com\/GobValle\/\" \/>\n<meta property=\"article:modified_time\" content=\"2025-06-26T22:17:48+00:00\" \/>\n<meta property=\"og:image\" content=\"https:\/\/vehiculosvalle.com.co\/portalweb\/wp-content\/uploads\/2020\/06\/ImpuestoVehicularValle.jpg\" \/>\n\t<meta property=\"og:image:width\" content=\"200\" \/>\n\t<meta property=\"og:image:height\" content=\"200\" \/>\n\t<meta property=\"og:image:type\" content=\"image\/jpeg\" \/>\n<meta name=\"twitter:card\" content=\"summary_large_image\" \/>\n<meta name=\"twitter:site\" content=\"@GobValle\" \/>\n<meta name=\"twitter:label1\" content=\"Tiempo de lectura\" \/>\n\t<meta name=\"twitter:data1\" content=\"4 minutos\" \/>\n<script type=\"application\/ld+json\" class=\"yoast-schema-graph\">{\"@context\":\"https:\/\/schema.org\",\"@graph\":[{\"@type\":\"WebPage\",\"@id\":\"https:\/\/vehiculosvalle.com.co\/portalweb\/video-tutoriales\/\",\"url\":\"https:\/\/vehiculosvalle.com.co\/portalweb\/video-tutoriales\/\",\"name\":\"Video tutoriales - Impuesto Automotor Valle del Cauca\",\"isPartOf\":{\"@id\":\"https:\/\/vehiculosvalle.com.co\/portalweb\/#website\"},\"primaryImageOfPage\":{\"@id\":\"https:\/\/vehiculosvalle.com.co\/portalweb\/video-tutoriales\/#primaryimage\"},\"image\":{\"@id\":\"https:\/\/vehiculosvalle.com.co\/portalweb\/video-tutoriales\/#primaryimage\"},\"thumbnailUrl\":\"https:\/\/vehiculosvalle.com.co\/portalweb\/wp-content\/uploads\/2020\/06\/ImpuestoVehicularValle.jpg\",\"datePublished\":\"2020-07-15T18:05:55+00:00\",\"dateModified\":\"2025-06-26T22:17:48+00:00\",\"description\":\"Encuentra aqu\u00ed costos y fechas para el pago de tu Impuesto Automotor del departamento de Valle del Cauca.\",\"breadcrumb\":{\"@id\":\"https:\/\/vehiculosvalle.com.co\/portalweb\/video-tutoriales\/#breadcrumb\"},\"inLanguage\":\"es\",\"potentialAction\":[{\"@type\":\"ReadAction\",\"target\":[\"https:\/\/vehiculosvalle.com.co\/portalweb\/video-tutoriales\/\"]}]},{\"@type\":\"ImageObject\",\"inLanguage\":\"es\",\"@id\":\"https:\/\/vehiculosvalle.com.co\/portalweb\/video-tutoriales\/#primaryimage\",\"url\":\"https:\/\/vehiculosvalle.com.co\/portalweb\/wp-content\/uploads\/2020\/06\/ImpuestoVehicularValle.jpg\",\"contentUrl\":\"https:\/\/vehiculosvalle.com.co\/portalweb\/wp-content\/uploads\/2020\/06\/ImpuestoVehicularValle.jpg\",\"width\":200,\"height\":200},{\"@type\":\"BreadcrumbList\",\"@id\":\"https:\/\/vehiculosvalle.com.co\/portalweb\/video-tutoriales\/#breadcrumb\",\"itemListElement\":[{\"@type\":\"ListItem\",\"position\":1,\"name\":\"Portada\",\"item\":\"https:\/\/vehiculosvalle.com.co\/portalweb\/\"},{\"@type\":\"ListItem\",\"position\":2,\"name\":\"Video tutoriales\"}]},{\"@type\":\"WebSite\",\"@id\":\"https:\/\/vehiculosvalle.com.co\/portalweb\/#website\",\"url\":\"https:\/\/vehiculosvalle.com.co\/portalweb\/\",\"name\":\"Impuesto Automotor Valle del Cauca\",\"description\":\"Consulta aqu\u00ed el estado de tu Impuesto Automotor del departamento de Valle del Cauca y paga en l\u00ednea de forma f\u00e1cil y segura.\",\"publisher\":{\"@id\":\"https:\/\/vehiculosvalle.com.co\/portalweb\/#organization\"},\"potentialAction\":[{\"@type\":\"SearchAction\",\"target\":{\"@type\":\"EntryPoint\",\"urlTemplate\":\"https:\/\/vehiculosvalle.com.co\/portalweb\/?s={search_term_string}\"},\"query-input\":{\"@type\":\"PropertyValueSpecification\",\"valueRequired\":true,\"valueName\":\"search_term_string\"}}],\"inLanguage\":\"es\"},{\"@type\":\"Organization\",\"@id\":\"https:\/\/vehiculosvalle.com.co\/portalweb\/#organization\",\"name\":\"Impuesto Vehicular del Valle del Cauca\",\"url\":\"https:\/\/vehiculosvalle.com.co\/portalweb\/\",\"logo\":{\"@type\":\"ImageObject\",\"inLanguage\":\"es\",\"@id\":\"https:\/\/vehiculosvalle.com.co\/portalweb\/#\/schema\/logo\/image\/\",\"url\":\"https:\/\/vehiculosvalle.com.co\/portalweb\/wp-content\/uploads\/2020\/06\/logo.png\",\"contentUrl\":\"https:\/\/vehiculosvalle.com.co\/portalweb\/wp-content\/uploads\/2020\/06\/logo.png\",\"width\":203,\"height\":35,\"caption\":\"Impuesto Vehicular del Valle del Cauca\"},\"image\":{\"@id\":\"https:\/\/vehiculosvalle.com.co\/portalweb\/#\/schema\/logo\/image\/\"},\"sameAs\":[\"https:\/\/www.facebook.com\/GobValle\/\",\"https:\/\/x.com\/GobValle\",\"https:\/\/www.instagram.com\/gobvalle\/\"]}]}<\/script>\n<!-- \/ Yoast SEO plugin. -->","yoast_head_json":{"title":"Video tutoriales - Impuesto Automotor Valle del Cauca","description":"Encuentra aqu\u00ed costos y fechas para el pago de tu Impuesto Automotor del departamento de Valle del Cauca.","robots":{"index":"index","follow":"follow","max-snippet":"max-snippet:-1","max-image-preview":"max-image-preview:large","max-video-preview":"max-video-preview:-1"},"canonical":"https:\/\/vehiculosvalle.com.co\/portalweb\/video-tutoriales\/","og_locale":"es_ES","og_type":"article","og_title":"Video tutoriales - Impuesto Automotor Valle del Cauca","og_description":"Encuentra aqu\u00ed costos y fechas para el pago de tu Impuesto Automotor del departamento de Valle del Cauca.","og_url":"https:\/\/vehiculosvalle.com.co\/portalweb\/video-tutoriales\/","og_site_name":"Impuesto Automotor Valle del Cauca","article_publisher":"https:\/\/www.facebook.com\/GobValle\/","article_modified_time":"2025-06-26T22:17:48+00:00","og_image":[{"width":200,"height":200,"url":"https:\/\/vehiculosvalle.com.co\/portalweb\/wp-content\/uploads\/2020\/06\/ImpuestoVehicularValle.jpg","type":"image\/jpeg"}],"twitter_card":"summary_large_image","twitter_site":"@GobValle","twitter_misc":{"Tiempo de lectura":"4 minutos"},"schema":{"@context":"https:\/\/schema.org","@graph":[{"@type":"WebPage","@id":"https:\/\/vehiculosvalle.com.co\/portalweb\/video-tutoriales\/","url":"https:\/\/vehiculosvalle.com.co\/portalweb\/video-tutoriales\/","name":"Video tutoriales - Impuesto Automotor Valle del Cauca","isPartOf":{"@id":"https:\/\/vehiculosvalle.com.co\/portalweb\/#website"},"primaryImageOfPage":{"@id":"https:\/\/vehiculosvalle.com.co\/portalweb\/video-tutoriales\/#primaryimage"},"image":{"@id":"https:\/\/vehiculosvalle.com.co\/portalweb\/video-tutoriales\/#primaryimage"},"thumbnailUrl":"https:\/\/vehiculosvalle.com.co\/portalweb\/wp-content\/uploads\/2020\/06\/ImpuestoVehicularValle.jpg","datePublished":"2020-07-15T18:05:55+00:00","dateModified":"2025-06-26T22:17:48+00:00","description":"Encuentra aqu\u00ed costos y fechas para el pago de tu Impuesto Automotor del departamento de Valle del Cauca.","breadcrumb":{"@id":"https:\/\/vehiculosvalle.com.co\/portalweb\/video-tutoriales\/#breadcrumb"},"inLanguage":"es","potentialAction":[{"@type":"ReadAction","target":["https:\/\/vehiculosvalle.com.co\/portalweb\/video-tutoriales\/"]}]},{"@type":"ImageObject","inLanguage":"es","@id":"https:\/\/vehiculosvalle.com.co\/portalweb\/video-tutoriales\/#primaryimage","url":"https:\/\/vehiculosvalle.com.co\/portalweb\/wp-content\/uploads\/2020\/06\/ImpuestoVehicularValle.jpg","contentUrl":"https:\/\/vehiculosvalle.com.co\/portalweb\/wp-content\/uploads\/2020\/06\/ImpuestoVehicularValle.jpg","width":200,"height":200},{"@type":"BreadcrumbList","@id":"https:\/\/vehiculosvalle.com.co\/portalweb\/video-tutoriales\/#breadcrumb","itemListElement":[{"@type":"ListItem","position":1,"name":"Portada","item":"https:\/\/vehiculosvalle.com.co\/portalweb\/"},{"@type":"ListItem","position":2,"name":"Video tutoriales"}]},{"@type":"WebSite","@id":"https:\/\/vehiculosvalle.com.co\/portalweb\/#website","url":"https:\/\/vehiculosvalle.com.co\/portalweb\/","name":"Impuesto Automotor Valle del Cauca","description":"Consulta aqu\u00ed el estado de tu Impuesto Automotor del departamento de Valle del Cauca y paga en l\u00ednea de forma f\u00e1cil y segura.","publisher":{"@id":"https:\/\/vehiculosvalle.com.co\/portalweb\/#organization"},"potentialAction":[{"@type":"SearchAction","target":{"@type":"EntryPoint","urlTemplate":"https:\/\/vehiculosvalle.com.co\/portalweb\/?s={search_term_string}"},"query-input":{"@type":"PropertyValueSpecification","valueRequired":true,"valueName":"search_term_string"}}],"inLanguage":"es"},{"@type":"Organization","@id":"https:\/\/vehiculosvalle.com.co\/portalweb\/#organization","name":"Impuesto Vehicular del Valle del Cauca","url":"https:\/\/vehiculosvalle.com.co\/portalweb\/","logo":{"@type":"ImageObject","inLanguage":"es","@id":"https:\/\/vehiculosvalle.com.co\/portalweb\/#\/schema\/logo\/image\/","url":"https:\/\/vehiculosvalle.com.co\/portalweb\/wp-content\/uploads\/2020\/06\/logo.png","contentUrl":"https:\/\/vehiculosvalle.com.co\/portalweb\/wp-content\/uploads\/2020\/06\/logo.png","width":203,"height":35,"caption":"Impuesto Vehicular del Valle del Cauca"},"image":{"@id":"https:\/\/vehiculosvalle.com.co\/portalweb\/#\/schema\/logo\/image\/"},"sameAs":["https:\/\/www.facebook.com\/GobValle\/","https:\/\/x.com\/GobValle","https:\/\/www.instagram.com\/gobvalle\/"]}]}},"_links":{"self":[{"href":"https:\/\/vehiculosvalle.com.co\/portalweb\/wp-json\/wp\/v2\/pages\/13144","targetHints":{"allow":["GET"]}}],"collection":[{"href":"https:\/\/vehiculosvalle.com.co\/portalweb\/wp-json\/wp\/v2\/pages"}],"about":[{"href":"https:\/\/vehiculosvalle.com.co\/portalweb\/wp-json\/wp\/v2\/types\/page"}],"author":[{"embeddable":true,"href":"https:\/\/vehiculosvalle.com.co\/portalweb\/wp-json\/wp\/v2\/users\/5"}],"replies":[{"embeddable":true,"href":"https:\/\/vehiculosvalle.com.co\/portalweb\/wp-json\/wp\/v2\/comments?post=13144"}],"version-history":[{"count":59,"href":"https:\/\/vehiculosvalle.com.co\/portalweb\/wp-json\/wp\/v2\/pages\/13144\/revisions"}],"predecessor-version":[{"id":13886,"href":"https:\/\/vehiculosvalle.com.co\/portalweb\/wp-json\/wp\/v2\/pages\/13144\/revisions\/13886"}],"wp:featuredmedia":[{"embeddable":true,"href":"https:\/\/vehiculosvalle.com.co\/portalweb\/wp-json\/wp\/v2\/media\/13040"}],"wp:attachment":[{"href":"https:\/\/vehiculosvalle.com.co\/portalweb\/wp-json\/wp\/v2\/media?parent=13144"}],"curies":[{"name":"wp","href":"https:\/\/api.w.org\/{rel}","templated":true}]}}