{"id":11966,"date":"2019-12-19T21:05:35","date_gmt":"2019-12-20T02:05:35","guid":{"rendered":"https:\/\/vehiculosvalle.com.co\/portalweb\/?page_id=11966"},"modified":"2020-06-03T17:02:55","modified_gmt":"2020-06-03T22:02:55","slug":"inicio","status":"publish","type":"page","link":"https:\/\/vehiculosvalle.com.co\/portalweb\/","title":{"rendered":"Inicio"},"content":{"rendered":"<p>[vc_row][vc_column][vc_raw_js]JTNDc2NyaXB0JTNFJTIwd2luZG93LmxvY2F0aW9uLmhyZWYlMjAlM0QlMjAlMjJodHRwcyUzQSUyRiUyRnd3dy52ZWhpY3Vsb3N2YWxsZS5jb20uY28lMkZpbXB1ZXN0b3N3ZWIlMkYlMjIlM0IlMjAlM0MlMkZzY3JpcHQlM0U=[\/vc_raw_js][\/vc_column][\/vc_row][vc_row][vc_column][vc_empty_space height=\u00bb150px\u00bb][\/vc_column][\/vc_row][vc_row][vc_column width=\u00bb1\/3&#8243;][vc_column_text]<\/p>\n<h1><strong><span style=\"color: #138f94; font-weight: 300;\">Realiza el pago <\/span><\/strong><\/h1>\n<h1><strong><span style=\"color: #138f94; line-height: 36px;\">de tus impuestos\u00a0<\/span><\/strong><\/h1>\n<p><span style=\"line-height: 40px; color: #6c757d; font-size: 38px; font-weight: 600;\">en los plazos establecidos<\/span>[\/vc_column_text][vc_empty_space][vc_separator color=\u00bbcustom\u00bb align=\u00bbalign_left\u00bb el_width=\u00bb50&#8243; accent_color=\u00bb#138f94&#8243;][\/vc_column][vc_column width=\u00bb2\/3&#8243;][vc_row_inner gap=\u00bb1&#8243;][vc_column_inner width=\u00bb1\/3&#8243;][vc_single_image image=\u00bb12869&#8243; img_size=\u00bbfull\u00bb onclick=\u00bbcustom_link\u00bb css_animation=\u00bbnone\u00bb css=\u00bb.vc_custom_1591125517823{margin-bottom: -50px !important;}\u00bb link=\u00bbhttps:\/\/vehiculosvalle.com.co\/portalweb\/tarifas-y-calendario\/\u00bb][\/vc_column_inner][vc_column_inner width=\u00bb1\/3&#8243;][vc_single_image image=\u00bb12870&#8243; img_size=\u00bbfull\u00bb onclick=\u00bbcustom_link\u00bb css_animation=\u00bbnone\u00bb link=\u00bbhttps:\/\/vehiculosvalle.com.co\/portalweb\/tarifas-y-calendario\/\u00bb][\/vc_column_inner][vc_column_inner width=\u00bb1\/3&#8243;][vc_single_image image=\u00bb12871&#8243; img_size=\u00bbfull\u00bb onclick=\u00bbcustom_link\u00bb link=\u00bbhttps:\/\/vehiculosvalle.com.co\/portalweb\/tarifas-y-calendario\/\u00bb][\/vc_column_inner][\/vc_row_inner][vc_empty_space height=\u00bb20px\u00bb]<div class=\"ult-content-box-container \" >\t<a class=\"ult-content-box-anchor\" href=\"https:\/\/vehiculosvalle.com.co\/portalweb\/informacion\/\" title=\"Informaci\u00f3n\" >\t\t<div class=\"ult-content-box\" style=\"box-shadow: 1px 1px 15px 2px #e0e0e0 ;border-style:solid;border-top-width:1px;border-right-width:1px;border-bottom-width:1px;border-left-width:1px;border-radius:5px;border-color:#e2e2e2;padding-top:-15px;padding-right:1px;padding-bottom:-15px;padding-left:1px;-webkit-transition: outline 700ms linear;-moz-transition: outline 700ms linear;-ms-transition: outline 700ms linear;-o-transition: outline 700ms linear;transition: outline 700ms linear;\"  data-hover_box_shadow=\" 1px 1px 15px 2px #dddddd \"  data-hover_border_color=\"#e2e2e2\"     data-border_color=\"#e2e2e2\" >[vc_row_inner][vc_column_inner css=\u00bb.vc_custom_1580935378603{margin-bottom: 0px !important;}\u00bb][vc_single_image image=\u00bb12868&#8243; img_size=\u00bbfull\u00bb alignment=\u00bbcenter\u00bb onclick=\u00bbcustom_link\u00bb link=\u00bbhttps:\/\/vehiculosvalle.com.co\/portalweb\/tarifas-y-calendario\/\u00bb][\/vc_column_inner][\/vc_row_inner]\t\t<\/div>\t<\/a><\/div>[\/vc_column][\/vc_row][vc_row][vc_column][vc_empty_space height=\u00bb150px\u00bb][vc_row_inner disable_element=\u00bbyes\u00bb][vc_column_inner css=\u00bb.vc_custom_1580935378603{margin-bottom: 0px !important;}\u00bb][vc_column_text css_animation=\u00bbfadeIn\u00bb css=\u00bb.vc_custom_1586389778172{margin-top: 0px !important;margin-bottom: 0px !important;padding-top: 5px !important;padding-bottom: 1px !important;}\u00bb]<\/p>\n<p style=\"font-size: 18px; text-align: center;\"><strong>\u00a0<\/strong><strong><img loading=\"lazy\" decoding=\"async\" class=\"alignnone wp-image-12751\" src=\"https:\/\/vehiculosvalle.com.co\/portalweb\/wp-content\/uploads\/2020\/03\/moto.png\" alt=\"\" width=\"37\" height=\"30\" \/> Motocicletas<\/strong> superiores a <strong>125CC <\/strong>&#8211; <strong><span style=\"color: #6cc8e6;\">Fecha l\u00edmite 1 de enero a 31 de agosto.<\/span><\/strong><\/p>\n<p>[\/vc_column_text][\/vc_column_inner][\/vc_row_inner][\/vc_column][\/vc_row][vc_row bg_type=\u00bbimage\u00bb parallax_style=\u00bbvcpb-default\u00bb bg_image_new=\u00bbid^12872|url^https:\/\/vehiculosvalle.com.co\/portalweb\/wp-content\/uploads\/2020\/05\/Background_INICIO.jpg|caption^null|alt^null|title^Background_INICIO|description^null\u00bb bg_override=\u00bbex-full\u00bb css=\u00bb.vc_custom_1590870330591{background-position: center !important;background-repeat: no-repeat !important;background-size: cover !important;}\u00bb][vc_column][vc_row_inner][vc_column_inner width=\u00bb1\/2&#8243;][vc_column_text]<\/p>\n<h2><strong><span style=\"color: #eaa216; font-weight: 300;\">En este portal<\/span><\/strong><\/h2>\n<h2><strong><span style=\"color: #eaa216;\">podr\u00e1s conocer<\/span><\/strong><\/h2>\n<p>[\/vc_column_text][vc_empty_space][vc_column_text css=\u00bb.vc_custom_1580748851687{padding-right: 200px !important;}\u00bb]<\/p>\n<p style=\"color: #ffffff; font-weight: 600 !important;\">Los diferentes puntos de pago presenciales que tenemos habilitados, adem\u00e1s de la normatividad vigente para el departamento del Valle del Cauca.<\/p>\n<p>[\/vc_column_text][vc_separator color=\u00bbcustom\u00bb align=\u00bbalign_left\u00bb el_width=\u00bb30&#8243; accent_color=\u00bb#eaa216&#8243;][vc_empty_space height=\u00bb50px\u00bb]<div class=\"aio-icon-component    style_1\"><a class=\"aio-icon-box-link\" href=\"https:\/\/vehiculosvalle.com.co\/portalweb\/puntos-de-atencion\/\" title=\"Puntos de pago\" ><div id=\"Info-box-wrap-6421\" class=\"aio-icon-box left-icon\" style=\"\"  ><div class=\"aio-icon-left\"><div class=\"ult-just-icon-wrapper  \"><div class=\"align-icon\" style=\"text-align:center;\">\n<div class=\"aio-icon none \"  style=\"color:#eaa216;font-size:30px;display:inline-block;\">\n\t<i class=\"linearicons5df26f4e5ec1e-map-marker\"><\/i>\n<\/div><\/div><\/div><\/div><div class=\"aio-ibd-block\"><div class=\"aio-icon-header\" ><h3 class=\"aio-icon-title ult-responsive\"  data-ultimate-target='#Info-box-wrap-6421 .aio-icon-title'  data-responsive-json-new='{\"font-size\":\"desktop:24px;\",\"line-height\":\"\"}'  style=\"font-weight:bold;color:#eaa216;\">Puntos de pago<\/h3><\/div> <!-- header --><div class=\"aio-icon-description ult-responsive\"  data-ultimate-target='#Info-box-wrap-6421 .aio-icon-description'  data-responsive-json-new='{\"font-size\":\"desktop:20px;\",\"line-height\":\"\"}'  style=\"font-weight:bold;color:#ffffff;\">Encuentra aqu\u00ed el lugar m\u00e1s cercano para pagar tu Impuesto automotor<\/div> <!-- description --><\/div> <!-- aio-ibd-block --><\/div> <!-- aio-icon-box --><\/a><\/div> <!-- aio-icon-component --><div class=\"aio-icon-component    style_1\"><a class=\"aio-icon-box-link\" href=\"https:\/\/vehiculosvalle.com.co\/impuestosweb\/#\/informacion-normatividad\" title=\"Normatividad\" ><div id=\"Info-box-wrap-8762\" class=\"aio-icon-box left-icon\" style=\"\"  ><div class=\"aio-icon-left\"><div class=\"ult-just-icon-wrapper  \"><div class=\"align-icon\" style=\"text-align:center;\">\n<div class=\"aio-icon none \"  style=\"color:#eaa216;font-size:30px;display:inline-block;\">\n\t<i class=\"linearicons-document2\"><\/i>\n<\/div><\/div><\/div><\/div><div class=\"aio-ibd-block\"><div class=\"aio-icon-header\" ><h3 class=\"aio-icon-title ult-responsive\"  data-ultimate-target='#Info-box-wrap-8762 .aio-icon-title'  data-responsive-json-new='{\"font-size\":\"desktop:24px;\",\"line-height\":\"\"}'  style=\"color:#eaa216;\">Normatividad vigente<\/h3><\/div> <!-- header --><div class=\"aio-icon-description ult-responsive\"  data-ultimate-target='#Info-box-wrap-8762 .aio-icon-description'  data-responsive-json-new='{\"font-size\":\"desktop:20px;\",\"line-height\":\"\"}'  style=\"font-weight:bold;color:#ffffff;\">Conoce las leyes que regulan la liquidaci\u00f3n del Impuesto automotor<\/div> <!-- description --><\/div> <!-- aio-ibd-block --><\/div> <!-- aio-icon-box --><\/a><\/div> <!-- aio-icon-component -->[\/vc_column_inner][vc_column_inner width=\u00bb1\/2&#8243; css=\u00bb.vc_custom_1579018401502{background-position: center !important;background-repeat: no-repeat !important;background-size: cover !important;}\u00bb][\/vc_column_inner][\/vc_row_inner][\/vc_column][\/vc_row]<\/p>\n","protected":false},"excerpt":{"rendered":"<p>[vc_row][vc_column][vc_raw_js]JTNDc2NyaXB0JTNFJTIwd2luZG93LmxvY2F0aW9uLmhyZWYlMjAlM0QlMjAlMjJodHRwcyUzQSUyRiUyRnd3dy52ZWhpY3Vsb3N2YWxsZS5jb20uY28lMkZpbXB1ZXN0b3N3ZWIlMkYlMjIlM0IlMjAlM0MlMkZzY3JpcHQlM0U=[\/vc_raw_js][\/vc_column][\/vc_row][vc_row][vc_column][vc_empty_space height=\u00bb150px\u00bb][\/vc_column][\/vc_row][vc_row][vc_column width=\u00bb1\/3&#8243;][vc_column_text] Realiza el pago de tus impuestos\u00a0 en los plazos establecidos[\/vc_column_text][vc_empty_space][vc_separator color=\u00bbcustom\u00bb align=\u00bbalign_left\u00bb el_width=\u00bb50&#8243; accent_color=\u00bb#138f94&#8243;][\/vc_column][vc_column width=\u00bb2\/3&#8243;][vc_row_inner gap=\u00bb1&#8243;][vc_column_inner width=\u00bb1\/3&#8243;][vc_single_image image=\u00bb12869&#8243; img_size=\u00bbfull\u00bb onclick=\u00bbcustom_link\u00bb css_animation=\u00bbnone\u00bb css=\u00bb.vc_custom_1591125517823{margin-bottom: -50px !important;}\u00bb link=\u00bbhttps:\/\/vehiculosvalle.com.co\/portalweb\/tarifas-y-calendario\/\u00bb][\/vc_column_inner][vc_column_inner width=\u00bb1\/3&#8243;][vc_single_image image=\u00bb12870&#8243; img_size=\u00bbfull\u00bb onclick=\u00bbcustom_link\u00bb css_animation=\u00bbnone\u00bb link=\u00bbhttps:\/\/vehiculosvalle.com.co\/portalweb\/tarifas-y-calendario\/\u00bb][\/vc_column_inner][vc_column_inner width=\u00bb1\/3&#8243;][vc_single_image image=\u00bb12871&#8243; img_size=\u00bbfull\u00bb onclick=\u00bbcustom_link\u00bb link=\u00bbhttps:\/\/vehiculosvalle.com.co\/portalweb\/tarifas-y-calendario\/\u00bb][\/vc_column_inner][\/vc_row_inner][vc_empty_space height=\u00bb20px\u00bb][\/vc_column][\/vc_row][vc_row][vc_column][vc_empty_space height=\u00bb150px\u00bb][vc_row_inner disable_element=\u00bbyes\u00bb][vc_column_inner css=\u00bb.vc_custom_1580935378603{margin-bottom: 0px !important;}\u00bb][vc_column_text css_animation=\u00bbfadeIn\u00bb css=\u00bb.vc_custom_1586389778172{margin-top: 0px !important;margin-bottom: 0px !important;padding-top: 5px !important;padding-bottom: 1px !important;}\u00bb] [&hellip;]<\/p>\n","protected":false},"author":5,"featured_media":13040,"parent":0,"menu_order":0,"comment_status":"closed","ping_status":"closed","template":"template-home.php","meta":{"footnotes":""},"class_list":["post-11966","page","type-page","status-publish","has-post-thumbnail","hentry"],"yoast_head":"<!-- This site is optimized with the Yoast SEO plugin v26.5 - https:\/\/yoast.com\/wordpress\/plugins\/seo\/ -->\n<title>Inicio - Impuesto Automotor Valle del Cauca<\/title>\n<meta name=\"description\" content=\"Consulta aqu\u00ed el estado de tu Impuesto Automotor del departamento de Valle del Cauca y paga en l\u00ednea de forma f\u00e1cil y segura.\" \/>\n<meta name=\"robots\" content=\"index, follow, max-snippet:-1, max-image-preview:large, max-video-preview:-1\" \/>\n<link rel=\"canonical\" href=\"https:\/\/vehiculosvalle.com.co\/portalweb\/\" \/>\n<meta property=\"og:locale\" content=\"es_ES\" \/>\n<meta property=\"og:type\" content=\"article\" \/>\n<meta property=\"og:title\" content=\"Inicio - Impuesto Automotor Valle del Cauca\" \/>\n<meta property=\"og:description\" content=\"Consulta aqu\u00ed el estado de tu Impuesto Automotor del departamento de Valle del Cauca y paga en l\u00ednea de forma f\u00e1cil y segura.\" \/>\n<meta property=\"og:url\" content=\"https:\/\/vehiculosvalle.com.co\/portalweb\/\" \/>\n<meta property=\"og:site_name\" content=\"Impuesto Automotor Valle del Cauca\" \/>\n<meta property=\"article:publisher\" content=\"https:\/\/www.facebook.com\/GobValle\/\" \/>\n<meta property=\"article:modified_time\" content=\"2020-06-03T22:02:55+00:00\" \/>\n<meta property=\"og:image\" content=\"https:\/\/vehiculosvalle.com.co\/portalweb\/wp-content\/uploads\/2020\/06\/ImpuestoVehicularValle.jpg\" \/>\n\t<meta property=\"og:image:width\" content=\"200\" \/>\n\t<meta property=\"og:image:height\" content=\"200\" \/>\n\t<meta property=\"og:image:type\" content=\"image\/jpeg\" \/>\n<meta name=\"twitter:card\" content=\"summary_large_image\" \/>\n<meta name=\"twitter:site\" content=\"@GobValle\" \/>\n<meta name=\"twitter:label1\" content=\"Tiempo de lectura\" \/>\n\t<meta name=\"twitter:data1\" content=\"3 minutos\" \/>\n<script type=\"application\/ld+json\" class=\"yoast-schema-graph\">{\"@context\":\"https:\/\/schema.org\",\"@graph\":[{\"@type\":\"WebPage\",\"@id\":\"https:\/\/vehiculosvalle.com.co\/portalweb\/\",\"url\":\"https:\/\/vehiculosvalle.com.co\/portalweb\/\",\"name\":\"Inicio - Impuesto Automotor Valle del Cauca\",\"isPartOf\":{\"@id\":\"https:\/\/vehiculosvalle.com.co\/portalweb\/#website\"},\"primaryImageOfPage\":{\"@id\":\"https:\/\/vehiculosvalle.com.co\/portalweb\/#primaryimage\"},\"image\":{\"@id\":\"https:\/\/vehiculosvalle.com.co\/portalweb\/#primaryimage\"},\"thumbnailUrl\":\"https:\/\/vehiculosvalle.com.co\/portalweb\/wp-content\/uploads\/2020\/06\/ImpuestoVehicularValle.jpg\",\"datePublished\":\"2019-12-20T02:05:35+00:00\",\"dateModified\":\"2020-06-03T22:02:55+00:00\",\"description\":\"Consulta aqu\u00ed el estado de tu Impuesto Automotor del departamento de Valle del Cauca y paga en l\u00ednea de forma f\u00e1cil y segura.\",\"breadcrumb\":{\"@id\":\"https:\/\/vehiculosvalle.com.co\/portalweb\/#breadcrumb\"},\"inLanguage\":\"es\",\"potentialAction\":[{\"@type\":\"ReadAction\",\"target\":[\"https:\/\/vehiculosvalle.com.co\/portalweb\/\"]}]},{\"@type\":\"ImageObject\",\"inLanguage\":\"es\",\"@id\":\"https:\/\/vehiculosvalle.com.co\/portalweb\/#primaryimage\",\"url\":\"https:\/\/vehiculosvalle.com.co\/portalweb\/wp-content\/uploads\/2020\/06\/ImpuestoVehicularValle.jpg\",\"contentUrl\":\"https:\/\/vehiculosvalle.com.co\/portalweb\/wp-content\/uploads\/2020\/06\/ImpuestoVehicularValle.jpg\",\"width\":200,\"height\":200},{\"@type\":\"BreadcrumbList\",\"@id\":\"https:\/\/vehiculosvalle.com.co\/portalweb\/#breadcrumb\",\"itemListElement\":[{\"@type\":\"ListItem\",\"position\":1,\"name\":\"Portada\",\"item\":\"https:\/\/vehiculosvalle.com.co\/portalweb\/\"},{\"@type\":\"ListItem\",\"position\":2,\"name\":\"Inicio\"}]},{\"@type\":\"WebSite\",\"@id\":\"https:\/\/vehiculosvalle.com.co\/portalweb\/#website\",\"url\":\"https:\/\/vehiculosvalle.com.co\/portalweb\/\",\"name\":\"Impuesto Automotor Valle del Cauca\",\"description\":\"Consulta aqu\u00ed el estado de tu Impuesto Automotor del departamento de Valle del Cauca y paga en l\u00ednea de forma f\u00e1cil y segura.\",\"publisher\":{\"@id\":\"https:\/\/vehiculosvalle.com.co\/portalweb\/#organization\"},\"potentialAction\":[{\"@type\":\"SearchAction\",\"target\":{\"@type\":\"EntryPoint\",\"urlTemplate\":\"https:\/\/vehiculosvalle.com.co\/portalweb\/?s={search_term_string}\"},\"query-input\":{\"@type\":\"PropertyValueSpecification\",\"valueRequired\":true,\"valueName\":\"search_term_string\"}}],\"inLanguage\":\"es\"},{\"@type\":\"Organization\",\"@id\":\"https:\/\/vehiculosvalle.com.co\/portalweb\/#organization\",\"name\":\"Impuesto Vehicular del Valle del Cauca\",\"url\":\"https:\/\/vehiculosvalle.com.co\/portalweb\/\",\"logo\":{\"@type\":\"ImageObject\",\"inLanguage\":\"es\",\"@id\":\"https:\/\/vehiculosvalle.com.co\/portalweb\/#\/schema\/logo\/image\/\",\"url\":\"https:\/\/vehiculosvalle.com.co\/portalweb\/wp-content\/uploads\/2020\/06\/logo.png\",\"contentUrl\":\"https:\/\/vehiculosvalle.com.co\/portalweb\/wp-content\/uploads\/2020\/06\/logo.png\",\"width\":203,\"height\":35,\"caption\":\"Impuesto Vehicular del Valle del Cauca\"},\"image\":{\"@id\":\"https:\/\/vehiculosvalle.com.co\/portalweb\/#\/schema\/logo\/image\/\"},\"sameAs\":[\"https:\/\/www.facebook.com\/GobValle\/\",\"https:\/\/x.com\/GobValle\",\"https:\/\/www.instagram.com\/gobvalle\/\"]}]}<\/script>\n<!-- \/ Yoast SEO plugin. -->","yoast_head_json":{"title":"Inicio - Impuesto Automotor Valle del Cauca","description":"Consulta aqu\u00ed el estado de tu Impuesto Automotor del departamento de Valle del Cauca y paga en l\u00ednea de forma f\u00e1cil y segura.","robots":{"index":"index","follow":"follow","max-snippet":"max-snippet:-1","max-image-preview":"max-image-preview:large","max-video-preview":"max-video-preview:-1"},"canonical":"https:\/\/vehiculosvalle.com.co\/portalweb\/","og_locale":"es_ES","og_type":"article","og_title":"Inicio - Impuesto Automotor Valle del Cauca","og_description":"Consulta aqu\u00ed el estado de tu Impuesto Automotor del departamento de Valle del Cauca y paga en l\u00ednea de forma f\u00e1cil y segura.","og_url":"https:\/\/vehiculosvalle.com.co\/portalweb\/","og_site_name":"Impuesto Automotor Valle del Cauca","article_publisher":"https:\/\/www.facebook.com\/GobValle\/","article_modified_time":"2020-06-03T22:02:55+00:00","og_image":[{"width":200,"height":200,"url":"https:\/\/vehiculosvalle.com.co\/portalweb\/wp-content\/uploads\/2020\/06\/ImpuestoVehicularValle.jpg","type":"image\/jpeg"}],"twitter_card":"summary_large_image","twitter_site":"@GobValle","twitter_misc":{"Tiempo de lectura":"3 minutos"},"schema":{"@context":"https:\/\/schema.org","@graph":[{"@type":"WebPage","@id":"https:\/\/vehiculosvalle.com.co\/portalweb\/","url":"https:\/\/vehiculosvalle.com.co\/portalweb\/","name":"Inicio - Impuesto Automotor Valle del Cauca","isPartOf":{"@id":"https:\/\/vehiculosvalle.com.co\/portalweb\/#website"},"primaryImageOfPage":{"@id":"https:\/\/vehiculosvalle.com.co\/portalweb\/#primaryimage"},"image":{"@id":"https:\/\/vehiculosvalle.com.co\/portalweb\/#primaryimage"},"thumbnailUrl":"https:\/\/vehiculosvalle.com.co\/portalweb\/wp-content\/uploads\/2020\/06\/ImpuestoVehicularValle.jpg","datePublished":"2019-12-20T02:05:35+00:00","dateModified":"2020-06-03T22:02:55+00:00","description":"Consulta aqu\u00ed el estado de tu Impuesto Automotor del departamento de Valle del Cauca y paga en l\u00ednea de forma f\u00e1cil y segura.","breadcrumb":{"@id":"https:\/\/vehiculosvalle.com.co\/portalweb\/#breadcrumb"},"inLanguage":"es","potentialAction":[{"@type":"ReadAction","target":["https:\/\/vehiculosvalle.com.co\/portalweb\/"]}]},{"@type":"ImageObject","inLanguage":"es","@id":"https:\/\/vehiculosvalle.com.co\/portalweb\/#primaryimage","url":"https:\/\/vehiculosvalle.com.co\/portalweb\/wp-content\/uploads\/2020\/06\/ImpuestoVehicularValle.jpg","contentUrl":"https:\/\/vehiculosvalle.com.co\/portalweb\/wp-content\/uploads\/2020\/06\/ImpuestoVehicularValle.jpg","width":200,"height":200},{"@type":"BreadcrumbList","@id":"https:\/\/vehiculosvalle.com.co\/portalweb\/#breadcrumb","itemListElement":[{"@type":"ListItem","position":1,"name":"Portada","item":"https:\/\/vehiculosvalle.com.co\/portalweb\/"},{"@type":"ListItem","position":2,"name":"Inicio"}]},{"@type":"WebSite","@id":"https:\/\/vehiculosvalle.com.co\/portalweb\/#website","url":"https:\/\/vehiculosvalle.com.co\/portalweb\/","name":"Impuesto Automotor Valle del Cauca","description":"Consulta aqu\u00ed el estado de tu Impuesto Automotor del departamento de Valle del Cauca y paga en l\u00ednea de forma f\u00e1cil y segura.","publisher":{"@id":"https:\/\/vehiculosvalle.com.co\/portalweb\/#organization"},"potentialAction":[{"@type":"SearchAction","target":{"@type":"EntryPoint","urlTemplate":"https:\/\/vehiculosvalle.com.co\/portalweb\/?s={search_term_string}"},"query-input":{"@type":"PropertyValueSpecification","valueRequired":true,"valueName":"search_term_string"}}],"inLanguage":"es"},{"@type":"Organization","@id":"https:\/\/vehiculosvalle.com.co\/portalweb\/#organization","name":"Impuesto Vehicular del Valle del Cauca","url":"https:\/\/vehiculosvalle.com.co\/portalweb\/","logo":{"@type":"ImageObject","inLanguage":"es","@id":"https:\/\/vehiculosvalle.com.co\/portalweb\/#\/schema\/logo\/image\/","url":"https:\/\/vehiculosvalle.com.co\/portalweb\/wp-content\/uploads\/2020\/06\/logo.png","contentUrl":"https:\/\/vehiculosvalle.com.co\/portalweb\/wp-content\/uploads\/2020\/06\/logo.png","width":203,"height":35,"caption":"Impuesto Vehicular del Valle del Cauca"},"image":{"@id":"https:\/\/vehiculosvalle.com.co\/portalweb\/#\/schema\/logo\/image\/"},"sameAs":["https:\/\/www.facebook.com\/GobValle\/","https:\/\/x.com\/GobValle","https:\/\/www.instagram.com\/gobvalle\/"]}]}},"_links":{"self":[{"href":"https:\/\/vehiculosvalle.com.co\/portalweb\/wp-json\/wp\/v2\/pages\/11966","targetHints":{"allow":["GET"]}}],"collection":[{"href":"https:\/\/vehiculosvalle.com.co\/portalweb\/wp-json\/wp\/v2\/pages"}],"about":[{"href":"https:\/\/vehiculosvalle.com.co\/portalweb\/wp-json\/wp\/v2\/types\/page"}],"author":[{"embeddable":true,"href":"https:\/\/vehiculosvalle.com.co\/portalweb\/wp-json\/wp\/v2\/users\/5"}],"replies":[{"embeddable":true,"href":"https:\/\/vehiculosvalle.com.co\/portalweb\/wp-json\/wp\/v2\/comments?post=11966"}],"version-history":[{"count":239,"href":"https:\/\/vehiculosvalle.com.co\/portalweb\/wp-json\/wp\/v2\/pages\/11966\/revisions"}],"predecessor-version":[{"id":13048,"href":"https:\/\/vehiculosvalle.com.co\/portalweb\/wp-json\/wp\/v2\/pages\/11966\/revisions\/13048"}],"wp:featuredmedia":[{"embeddable":true,"href":"https:\/\/vehiculosvalle.com.co\/portalweb\/wp-json\/wp\/v2\/media\/13040"}],"wp:attachment":[{"href":"https:\/\/vehiculosvalle.com.co\/portalweb\/wp-json\/wp\/v2\/media?parent=11966"}],"curies":[{"name":"wp","href":"https:\/\/api.w.org\/{rel}","templated":true}]}}