{"id":11923,"date":"2019-12-19T15:47:31","date_gmt":"2019-12-19T20:47:31","guid":{"rendered":"https:\/\/vehiculosvalle.com.co\/portalweb\/?page_id=11923"},"modified":"2026-01-08T15:01:46","modified_gmt":"2026-01-08T20:01:46","slug":"tarifas-y-calendario","status":"publish","type":"page","link":"https:\/\/vehiculosvalle.com.co\/portalweb\/tarifas-y-calendario\/","title":{"rendered":"Tarifas y calendario"},"content":{"rendered":"<p>[vc_row][vc_column width=\u00bb1\/2&#8243; css=\u00bb.vc_custom_1580934726193{padding-right: 40px !important;}\u00bb][vc_empty_space height=\u00bb60px\u00bb][vc_column_text]<\/p>\n<h2>Tarifas 2026<\/h2>\n<p>[\/vc_column_text][vc_empty_space height=\u00bb10px\u00bb][vc_separator color=\u00bbcustom\u00bb align=\u00bbalign_left\u00bb el_width=\u00bb20&#8243; accent_color=\u00bb#1270b1&#8243;][vc_empty_space height=\u00bb20px\u00bb][vc_column_text]La siguiente tabla contiene las tarifas que entrar\u00e1n en vigencia a partir del <strong>1 de enero de 2026<\/strong> y que aplican seg\u00fan la base gravable del veh\u00edculo, la cual es establecida anualmente por el Ministerio de Hacienda a trav\u00e9s del Decreto No. 1457 del 29 de diciembre de 2025.<\/p>\n<div class=\"wpdt-c row wpDataTableContainerSimpleTable wpDataTables wpDataTablesWrapper\n\"\n    >\n        <table id=\"wpdtSimpleTable-1\"\n           style=\"border-collapse:collapse;\n                   border-spacing:0px;\"\n           class=\"wpdtSimpleTable wpDataTable\"\n           data-column=\"4\"\n           data-rows=\"2\"\n           data-wpID=\"1\"\n           data-responsive=\"0\"\n           data-has-header=\"0\">\n\n                    <tbody>        <tr class=\"wpdt-cell-row \" >\n                                <td class=\"wpdt-cell wpdt-bc-1270B1 wpdt-bold wpdt-tc-FFFFFF wpdt-fs-000014\"\n                                            data-cell-id=\"A1\"\n                    data-col-index=\"0\"\n                    data-row-index=\"0\"\n                    style=\" width:16.078431372549%;                    padding:10px;\n                    \"\n                    >\n                                        Vigencia                    <\/td>\n                                                <td class=\"wpdt-cell wpdt-bc-1270B1 wpdt-bold wpdt-tc-FFFFFF wpdt-fs-000014\"\n                                            data-cell-id=\"B1\"\n                    data-col-index=\"1\"\n                    data-row-index=\"0\"\n                    style=\" width:19.019607843137%;                    padding:10px;\n                    \"\n                    >\n                                        1.5%                    <\/td>\n                                                <td class=\"wpdt-cell wpdt-bc-1270B1 wpdt-bold wpdt-tc-FFFFFF wpdt-fs-000014\"\n                                            data-cell-id=\"C1\"\n                    data-col-index=\"2\"\n                    data-row-index=\"0\"\n                    style=\" width:35.882352941176%;                    padding:10px;\n                    \"\n                    >\n                                        2.5%                    <\/td>\n                                                <td class=\"wpdt-cell wpdt-bc-1270B1 wpdt-bold wpdt-tc-FFFFFF wpdt-fs-000014\"\n                                            data-cell-id=\"D1\"\n                    data-col-index=\"3\"\n                    data-row-index=\"0\"\n                    style=\" width:29.019607843137%;                    padding:10px;\n                    \"\n                    >\n                                        3.5%                    <\/td>\n                                        <\/tr>\n                            <tr class=\"wpdt-cell-row \" >\n                                <td class=\"wpdt-cell wpdt-bold wpdt-fs-000014\"\n                                            data-cell-id=\"A2\"\n                    data-col-index=\"0\"\n                    data-row-index=\"1\"\n                    style=\"                    padding:10px;\n                    \"\n                    >\n                                        2026                    <\/td>\n                                                <td class=\"wpdt-cell wpdt-fs-000014\"\n                                            data-cell-id=\"B2\"\n                    data-col-index=\"1\"\n                    data-row-index=\"1\"\n                    style=\"                    padding:10px;\n                    \"\n                    >\n                                        Hasta $57.349.000                    <\/td>\n                                                <td class=\"wpdt-cell wpdt-fs-000014\"\n                                            data-cell-id=\"C2\"\n                    data-col-index=\"2\"\n                    data-row-index=\"1\"\n                    style=\"                    padding:10px;\n                    \"\n                    >\n                                        M\u00e1s de $57.349.000 y hasta $129.032.000                    <\/td>\n                                                <td class=\"wpdt-cell wpdt-fs-000014\"\n                                            data-cell-id=\"D2\"\n                    data-col-index=\"3\"\n                    data-row-index=\"1\"\n                    style=\"                    padding:10px;\n                    \"\n                    >\n                                        M\u00e1s de $129.032.000                    <\/td>\n                                        <\/tr>\n                    <\/table>\n<\/div><style id='wpdt-custom-style-1'>\n.wpdt-bc-1270B1 { background-color: #1270B1 !important;}\n.wpdt-tc-FFFFFF { color: #FFFFFF !important;}\n.wpdt-fs-000014 { font-size: 14px !important;}\n<\/style>\n[\/vc_column_text][\/vc_column][vc_column width=\u00bb1\/2&#8243; css=\u00bb.vc_custom_1580934577402{padding-left: 40px !important;}\u00bb][vc_empty_space height=\u00bb60px\u00bb][vc_column_text]<\/p>\n<h2>Puntos de pago<\/h2>\n<p>[\/vc_column_text][vc_empty_space height=\u00bb10px\u00bb][vc_separator color=\u00bbcustom\u00bb align=\u00bbalign_left\u00bb el_width=\u00bb20&#8243; accent_color=\u00bb#1270b1&#8243;][vc_empty_space height=\u00bb40px\u00bb][vc_row_inner content_placement=\u00bbbottom\u00bb][vc_column_inner width=\u00bb1\/3&#8243; offset=\u00bbvc_hidden-xs\u00bb][vc_single_image image=\u00bb13728&#8243; img_size=\u00bbfull\u00bb][\/vc_column_inner][vc_column_inner width=\u00bb1\/3&#8243; offset=\u00bbvc_hidden-xs\u00bb][vc_single_image image=\u00bb12492&#8243; img_size=\u00bbfull\u00bb][\/vc_column_inner][vc_column_inner width=\u00bb1\/3&#8243; offset=\u00bbvc_hidden-xs\u00bb][vc_single_image image=\u00bb12494&#8243; img_size=\u00bbfull\u00bb][\/vc_column_inner][\/vc_row_inner][vc_row_inner][vc_column_inner offset=\u00bbvc_hidden-xs\u00bb][vc_empty_space height=\u00bb40px\u00bb][\/vc_column_inner][\/vc_row_inner][vc_row_inner][vc_column_inner width=\u00bb1\/3&#8243; offset=\u00bbvc_hidden-xs\u00bb][vc_single_image image=\u00bb12495&#8243; img_size=\u00bbfull\u00bb][\/vc_column_inner][vc_column_inner width=\u00bb1\/3&#8243; offset=\u00bbvc_hidden-xs\u00bb][vc_single_image image=\u00bb12496&#8243; img_size=\u00bbfull\u00bb][\/vc_column_inner][vc_column_inner width=\u00bb1\/3&#8243; offset=\u00bbvc_hidden-xs\u00bb][vc_single_image image=\u00bb12497&#8243; img_size=\u00bbfull\u00bb][\/vc_column_inner][\/vc_row_inner][\/vc_column][\/vc_row][vc_row][vc_column][vc_empty_space height=\u00bb60px\u00bb][vc_column_text]<\/p>\n<h2>Calendario de pago<\/h2>\n<p>[\/vc_column_text][vc_empty_space height=\u00bb10px\u00bb][vc_separator color=\u00bbcustom\u00bb align=\u00bbalign_left\u00bb el_width=\u00bb20&#8243; accent_color=\u00bb#1270b1&#8243;][vc_empty_space height=\u00bb10px\u00bb][\/vc_column][\/vc_row][vc_row][vc_column width=\u00bb1\/3&#8243;][vc_column_text]<\/p>\n<h3>30 de abril<\/h3>\n<p>[\/vc_column_text][vc_column_text]Durante el periodo gravable 2026, los veh\u00edculos con placas comprendidas entre\u00a0<strong>000 y 333,\u00a0<\/strong>podr\u00e1n declarar y pagar el impuesto vehicular\u00a0<strong>hasta el 30 de abril de 2026<\/strong>, sin sanci\u00f3n o intereses por mora.[\/vc_column_text][\/vc_column][vc_column width=\u00bb1\/3&#8243;][vc_column_text]<\/p>\n<h3>29 de mayo<\/h3>\n<p>[\/vc_column_text][vc_column_text]Durante el periodo gravable 2026, los veh\u00edculos con placas comprendidas entre<strong>\u00a0334 y 666,\u00a0<\/strong>podr\u00e1n declarar y pagar el impuesto vehicular\u00a0<strong>hasta el 29 de mayo de 2026<\/strong>, sin sanci\u00f3n o intereses por mora.[\/vc_column_text][\/vc_column][vc_column width=\u00bb1\/3&#8243;][vc_column_text]<\/p>\n<h3>30 de junio<\/h3>\n<p>[\/vc_column_text][vc_column_text]Durante el periodo gravable 2026, los veh\u00edculos con placas comprendidas entre<strong>\u00a0667 y 999\u00a0<\/strong>y las<strong>\u00a0motos con cilindraje superior 125cc<\/strong>, podr\u00e1n declarar y pagar el impuesto vehicular<strong>\u00a0hasta el 30 de junio de 2026,\u00a0<\/strong>sin sanci\u00f3n o intereses por mora.[\/vc_column_text][\/vc_column][\/vc_row][vc_row][vc_column][vc_empty_space height=\u00bb120px\u00bb][\/vc_column][\/vc_row]<\/p>\n","protected":false},"excerpt":{"rendered":"<p>[vc_row][vc_column width=\u00bb1\/2&#8243; css=\u00bb.vc_custom_1580934726193{padding-right: 40px !important;}\u00bb][vc_empty_space height=\u00bb60px\u00bb][vc_column_text] Tarifas 2026 [\/vc_column_text][vc_empty_space height=\u00bb10px\u00bb][vc_separator color=\u00bbcustom\u00bb align=\u00bbalign_left\u00bb el_width=\u00bb20&#8243; accent_color=\u00bb#1270b1&#8243;][vc_empty_space height=\u00bb20px\u00bb][vc_column_text]La siguiente tabla contiene las tarifas que entrar\u00e1n en vigencia a partir del 1 de enero de 2026 y que aplican seg\u00fan la base gravable del veh\u00edculo, la cual es establecida anualmente por el Ministerio de Hacienda a trav\u00e9s del Decreto [&hellip;]<\/p>\n","protected":false},"author":5,"featured_media":13040,"parent":0,"menu_order":0,"comment_status":"closed","ping_status":"closed","template":"template-home.php","meta":{"footnotes":""},"class_list":["post-11923","page","type-page","status-publish","has-post-thumbnail","hentry"],"yoast_head":"<!-- This site is optimized with the Yoast SEO plugin v26.5 - https:\/\/yoast.com\/wordpress\/plugins\/seo\/ -->\n<title>Tarifas y calendario - Impuesto Automotor Valle del Cauca<\/title>\n<meta name=\"description\" content=\"Encuentra aqu\u00ed costos y fechas para el pago de tu Impuesto Automotor del departamento de Valle del Cauca.\" \/>\n<meta name=\"robots\" content=\"index, follow, max-snippet:-1, max-image-preview:large, max-video-preview:-1\" \/>\n<link rel=\"canonical\" href=\"https:\/\/vehiculosvalle.com.co\/portalweb\/tarifas-y-calendario\/\" \/>\n<meta property=\"og:locale\" content=\"es_ES\" \/>\n<meta property=\"og:type\" content=\"article\" \/>\n<meta property=\"og:title\" content=\"Tarifas y calendario - Impuesto Automotor Valle del Cauca\" \/>\n<meta property=\"og:description\" content=\"Encuentra aqu\u00ed costos y fechas para el pago de tu Impuesto Automotor del departamento de Valle del Cauca.\" \/>\n<meta property=\"og:url\" content=\"https:\/\/vehiculosvalle.com.co\/portalweb\/tarifas-y-calendario\/\" \/>\n<meta property=\"og:site_name\" content=\"Impuesto Automotor Valle del Cauca\" \/>\n<meta property=\"article:publisher\" content=\"https:\/\/www.facebook.com\/GobValle\/\" \/>\n<meta property=\"article:modified_time\" content=\"2026-01-08T20:01:46+00:00\" \/>\n<meta property=\"og:image\" content=\"https:\/\/vehiculosvalle.com.co\/portalweb\/wp-content\/uploads\/2020\/06\/ImpuestoVehicularValle.jpg\" \/>\n\t<meta property=\"og:image:width\" content=\"200\" \/>\n\t<meta property=\"og:image:height\" content=\"200\" \/>\n\t<meta property=\"og:image:type\" content=\"image\/jpeg\" \/>\n<meta name=\"twitter:card\" content=\"summary_large_image\" \/>\n<meta name=\"twitter:site\" content=\"@GobValle\" \/>\n<meta name=\"twitter:label1\" content=\"Tiempo de lectura\" \/>\n\t<meta name=\"twitter:data1\" content=\"2 minutos\" \/>\n<script type=\"application\/ld+json\" class=\"yoast-schema-graph\">{\"@context\":\"https:\/\/schema.org\",\"@graph\":[{\"@type\":\"WebPage\",\"@id\":\"https:\/\/vehiculosvalle.com.co\/portalweb\/tarifas-y-calendario\/\",\"url\":\"https:\/\/vehiculosvalle.com.co\/portalweb\/tarifas-y-calendario\/\",\"name\":\"Tarifas y calendario - Impuesto Automotor Valle del Cauca\",\"isPartOf\":{\"@id\":\"https:\/\/vehiculosvalle.com.co\/portalweb\/#website\"},\"primaryImageOfPage\":{\"@id\":\"https:\/\/vehiculosvalle.com.co\/portalweb\/tarifas-y-calendario\/#primaryimage\"},\"image\":{\"@id\":\"https:\/\/vehiculosvalle.com.co\/portalweb\/tarifas-y-calendario\/#primaryimage\"},\"thumbnailUrl\":\"https:\/\/vehiculosvalle.com.co\/portalweb\/wp-content\/uploads\/2020\/06\/ImpuestoVehicularValle.jpg\",\"datePublished\":\"2019-12-19T20:47:31+00:00\",\"dateModified\":\"2026-01-08T20:01:46+00:00\",\"description\":\"Encuentra aqu\u00ed costos y fechas para el pago de tu Impuesto Automotor del departamento de Valle del Cauca.\",\"breadcrumb\":{\"@id\":\"https:\/\/vehiculosvalle.com.co\/portalweb\/tarifas-y-calendario\/#breadcrumb\"},\"inLanguage\":\"es\",\"potentialAction\":[{\"@type\":\"ReadAction\",\"target\":[\"https:\/\/vehiculosvalle.com.co\/portalweb\/tarifas-y-calendario\/\"]}]},{\"@type\":\"ImageObject\",\"inLanguage\":\"es\",\"@id\":\"https:\/\/vehiculosvalle.com.co\/portalweb\/tarifas-y-calendario\/#primaryimage\",\"url\":\"https:\/\/vehiculosvalle.com.co\/portalweb\/wp-content\/uploads\/2020\/06\/ImpuestoVehicularValle.jpg\",\"contentUrl\":\"https:\/\/vehiculosvalle.com.co\/portalweb\/wp-content\/uploads\/2020\/06\/ImpuestoVehicularValle.jpg\",\"width\":200,\"height\":200},{\"@type\":\"BreadcrumbList\",\"@id\":\"https:\/\/vehiculosvalle.com.co\/portalweb\/tarifas-y-calendario\/#breadcrumb\",\"itemListElement\":[{\"@type\":\"ListItem\",\"position\":1,\"name\":\"Portada\",\"item\":\"https:\/\/vehiculosvalle.com.co\/portalweb\/\"},{\"@type\":\"ListItem\",\"position\":2,\"name\":\"Tarifas y calendario\"}]},{\"@type\":\"WebSite\",\"@id\":\"https:\/\/vehiculosvalle.com.co\/portalweb\/#website\",\"url\":\"https:\/\/vehiculosvalle.com.co\/portalweb\/\",\"name\":\"Impuesto Automotor Valle del Cauca\",\"description\":\"Consulta aqu\u00ed el estado de tu Impuesto Automotor del departamento de Valle del Cauca y paga en l\u00ednea de forma f\u00e1cil y segura.\",\"publisher\":{\"@id\":\"https:\/\/vehiculosvalle.com.co\/portalweb\/#organization\"},\"potentialAction\":[{\"@type\":\"SearchAction\",\"target\":{\"@type\":\"EntryPoint\",\"urlTemplate\":\"https:\/\/vehiculosvalle.com.co\/portalweb\/?s={search_term_string}\"},\"query-input\":{\"@type\":\"PropertyValueSpecification\",\"valueRequired\":true,\"valueName\":\"search_term_string\"}}],\"inLanguage\":\"es\"},{\"@type\":\"Organization\",\"@id\":\"https:\/\/vehiculosvalle.com.co\/portalweb\/#organization\",\"name\":\"Impuesto Vehicular del Valle del Cauca\",\"url\":\"https:\/\/vehiculosvalle.com.co\/portalweb\/\",\"logo\":{\"@type\":\"ImageObject\",\"inLanguage\":\"es\",\"@id\":\"https:\/\/vehiculosvalle.com.co\/portalweb\/#\/schema\/logo\/image\/\",\"url\":\"https:\/\/vehiculosvalle.com.co\/portalweb\/wp-content\/uploads\/2020\/06\/logo.png\",\"contentUrl\":\"https:\/\/vehiculosvalle.com.co\/portalweb\/wp-content\/uploads\/2020\/06\/logo.png\",\"width\":203,\"height\":35,\"caption\":\"Impuesto Vehicular del Valle del Cauca\"},\"image\":{\"@id\":\"https:\/\/vehiculosvalle.com.co\/portalweb\/#\/schema\/logo\/image\/\"},\"sameAs\":[\"https:\/\/www.facebook.com\/GobValle\/\",\"https:\/\/x.com\/GobValle\",\"https:\/\/www.instagram.com\/gobvalle\/\"]}]}<\/script>\n<!-- \/ Yoast SEO plugin. -->","yoast_head_json":{"title":"Tarifas y calendario - Impuesto Automotor Valle del Cauca","description":"Encuentra aqu\u00ed costos y fechas para el pago de tu Impuesto Automotor del departamento de Valle del Cauca.","robots":{"index":"index","follow":"follow","max-snippet":"max-snippet:-1","max-image-preview":"max-image-preview:large","max-video-preview":"max-video-preview:-1"},"canonical":"https:\/\/vehiculosvalle.com.co\/portalweb\/tarifas-y-calendario\/","og_locale":"es_ES","og_type":"article","og_title":"Tarifas y calendario - Impuesto Automotor Valle del Cauca","og_description":"Encuentra aqu\u00ed costos y fechas para el pago de tu Impuesto Automotor del departamento de Valle del Cauca.","og_url":"https:\/\/vehiculosvalle.com.co\/portalweb\/tarifas-y-calendario\/","og_site_name":"Impuesto Automotor Valle del Cauca","article_publisher":"https:\/\/www.facebook.com\/GobValle\/","article_modified_time":"2026-01-08T20:01:46+00:00","og_image":[{"width":200,"height":200,"url":"https:\/\/vehiculosvalle.com.co\/portalweb\/wp-content\/uploads\/2020\/06\/ImpuestoVehicularValle.jpg","type":"image\/jpeg"}],"twitter_card":"summary_large_image","twitter_site":"@GobValle","twitter_misc":{"Tiempo de lectura":"2 minutos"},"schema":{"@context":"https:\/\/schema.org","@graph":[{"@type":"WebPage","@id":"https:\/\/vehiculosvalle.com.co\/portalweb\/tarifas-y-calendario\/","url":"https:\/\/vehiculosvalle.com.co\/portalweb\/tarifas-y-calendario\/","name":"Tarifas y calendario - Impuesto Automotor Valle del Cauca","isPartOf":{"@id":"https:\/\/vehiculosvalle.com.co\/portalweb\/#website"},"primaryImageOfPage":{"@id":"https:\/\/vehiculosvalle.com.co\/portalweb\/tarifas-y-calendario\/#primaryimage"},"image":{"@id":"https:\/\/vehiculosvalle.com.co\/portalweb\/tarifas-y-calendario\/#primaryimage"},"thumbnailUrl":"https:\/\/vehiculosvalle.com.co\/portalweb\/wp-content\/uploads\/2020\/06\/ImpuestoVehicularValle.jpg","datePublished":"2019-12-19T20:47:31+00:00","dateModified":"2026-01-08T20:01:46+00:00","description":"Encuentra aqu\u00ed costos y fechas para el pago de tu Impuesto Automotor del departamento de Valle del Cauca.","breadcrumb":{"@id":"https:\/\/vehiculosvalle.com.co\/portalweb\/tarifas-y-calendario\/#breadcrumb"},"inLanguage":"es","potentialAction":[{"@type":"ReadAction","target":["https:\/\/vehiculosvalle.com.co\/portalweb\/tarifas-y-calendario\/"]}]},{"@type":"ImageObject","inLanguage":"es","@id":"https:\/\/vehiculosvalle.com.co\/portalweb\/tarifas-y-calendario\/#primaryimage","url":"https:\/\/vehiculosvalle.com.co\/portalweb\/wp-content\/uploads\/2020\/06\/ImpuestoVehicularValle.jpg","contentUrl":"https:\/\/vehiculosvalle.com.co\/portalweb\/wp-content\/uploads\/2020\/06\/ImpuestoVehicularValle.jpg","width":200,"height":200},{"@type":"BreadcrumbList","@id":"https:\/\/vehiculosvalle.com.co\/portalweb\/tarifas-y-calendario\/#breadcrumb","itemListElement":[{"@type":"ListItem","position":1,"name":"Portada","item":"https:\/\/vehiculosvalle.com.co\/portalweb\/"},{"@type":"ListItem","position":2,"name":"Tarifas y calendario"}]},{"@type":"WebSite","@id":"https:\/\/vehiculosvalle.com.co\/portalweb\/#website","url":"https:\/\/vehiculosvalle.com.co\/portalweb\/","name":"Impuesto Automotor Valle del Cauca","description":"Consulta aqu\u00ed el estado de tu Impuesto Automotor del departamento de Valle del Cauca y paga en l\u00ednea de forma f\u00e1cil y segura.","publisher":{"@id":"https:\/\/vehiculosvalle.com.co\/portalweb\/#organization"},"potentialAction":[{"@type":"SearchAction","target":{"@type":"EntryPoint","urlTemplate":"https:\/\/vehiculosvalle.com.co\/portalweb\/?s={search_term_string}"},"query-input":{"@type":"PropertyValueSpecification","valueRequired":true,"valueName":"search_term_string"}}],"inLanguage":"es"},{"@type":"Organization","@id":"https:\/\/vehiculosvalle.com.co\/portalweb\/#organization","name":"Impuesto Vehicular del Valle del Cauca","url":"https:\/\/vehiculosvalle.com.co\/portalweb\/","logo":{"@type":"ImageObject","inLanguage":"es","@id":"https:\/\/vehiculosvalle.com.co\/portalweb\/#\/schema\/logo\/image\/","url":"https:\/\/vehiculosvalle.com.co\/portalweb\/wp-content\/uploads\/2020\/06\/logo.png","contentUrl":"https:\/\/vehiculosvalle.com.co\/portalweb\/wp-content\/uploads\/2020\/06\/logo.png","width":203,"height":35,"caption":"Impuesto Vehicular del Valle del Cauca"},"image":{"@id":"https:\/\/vehiculosvalle.com.co\/portalweb\/#\/schema\/logo\/image\/"},"sameAs":["https:\/\/www.facebook.com\/GobValle\/","https:\/\/x.com\/GobValle","https:\/\/www.instagram.com\/gobvalle\/"]}]}},"_links":{"self":[{"href":"https:\/\/vehiculosvalle.com.co\/portalweb\/wp-json\/wp\/v2\/pages\/11923","targetHints":{"allow":["GET"]}}],"collection":[{"href":"https:\/\/vehiculosvalle.com.co\/portalweb\/wp-json\/wp\/v2\/pages"}],"about":[{"href":"https:\/\/vehiculosvalle.com.co\/portalweb\/wp-json\/wp\/v2\/types\/page"}],"author":[{"embeddable":true,"href":"https:\/\/vehiculosvalle.com.co\/portalweb\/wp-json\/wp\/v2\/users\/5"}],"replies":[{"embeddable":true,"href":"https:\/\/vehiculosvalle.com.co\/portalweb\/wp-json\/wp\/v2\/comments?post=11923"}],"version-history":[{"count":195,"href":"https:\/\/vehiculosvalle.com.co\/portalweb\/wp-json\/wp\/v2\/pages\/11923\/revisions"}],"predecessor-version":[{"id":13905,"href":"https:\/\/vehiculosvalle.com.co\/portalweb\/wp-json\/wp\/v2\/pages\/11923\/revisions\/13905"}],"wp:featuredmedia":[{"embeddable":true,"href":"https:\/\/vehiculosvalle.com.co\/portalweb\/wp-json\/wp\/v2\/media\/13040"}],"wp:attachment":[{"href":"https:\/\/vehiculosvalle.com.co\/portalweb\/wp-json\/wp\/v2\/media?parent=11923"}],"curies":[{"name":"wp","href":"https:\/\/api.w.org\/{rel}","templated":true}]}}