{"id":11835,"date":"2019-12-16T21:05:05","date_gmt":"2019-12-17T02:05:05","guid":{"rendered":"https:\/\/vehiculosvalle.com.co\/portalweb\/?page_id=11835"},"modified":"2021-07-06T09:00:56","modified_gmt":"2021-07-06T14:00:56","slug":"puntos-de-atencion","status":"publish","type":"page","link":"https:\/\/vehiculosvalle.com.co\/portalweb\/puntos-de-atencion\/","title":{"rendered":"Puntos de atenci\u00f3n"},"content":{"rendered":"<p>[vc_row full_width=\u00bbstretch_row_content\u00bb el_class=\u00bbfullwidth\u00bb][vc_column][vc_empty_space][vc_column_text]<style type=\"text\/css\" id=\"umsMapStyles_1_33002\">\r\n    #ultimate_maps_1_33002 {\r\n        width: 100%;\r\n        height: 500px;\r\n                border: 0px solid ;\r\n        margin: 0px;\r\n    }\r\n    #mapsControlsNum_1_33002 {\r\n        width:100%    }\r\n    .umsMapDetailsContainer#umsMapDetailsContainer_1_33002 {\r\n        height:500px;\r\n    }\r\n    .ums_MapPreview#ultimate_maps_1_33002 {\r\n        \/*position:absolute;*\/\r\n        width:100%;\r\n    }\r\n    #mapConElem_1_33002{\r\n        width:100%    }\r\n    <\/style><div class=\"ums_map_opts\" id=\"mapConElem_1_33002\" data-id=\"1\" data-view-id=\"1_33002\" > <div class=\"umsMapDetailsContainer\" id=\"umsMapDetailsContainer_1_33002\"> <i class=\"umsKMLLayersPreloader fa fa-spinner fa-spin\" aria-hidden=\"true\" style=\"display: none;\"><\/i> <div class=\"ums_MapPreview \" id=\"ultimate_maps_1_33002\"><\/div> <\/div> <div class=\"umsMapMarkerFilters\" id=\"umsMapMarkerFilters_1_33002\"> <\/div> <div class=\"umsMapProControlsCon\" id=\"umsMapProControlsCon_1_33002\"> <a title=\"WordPress Google Maps Plugin\" style=\"display:none;\" href=\"https:\/\/supsystic.com\/plugins\/google-maps-plugin\/?utm_medium=love_link_hide\" target=\"_blank\">WordPress Google Maps Plugin<\/a><div style=\"clear: both;\"><\/div> <\/div> <div class=\"umsMapProDirectionsCon\" id=\"umsMapProDirectionsCon_1_33002\" > <\/div> <div class=\"umsMapProKmlFilterCon\" id=\"umsMapProKmlFilterCon_1_33002\" > <\/div> <div class=\"umsSocialSharingShell umsSocialSharingShell_1_33002\"> <\/div> <div style=\"clear: both;\"><\/div> <\/div>[\/vc_column_text][\/vc_column][\/vc_row][vc_row][vc_column][vc_empty_space height=\u00bb40px\u00bb][\/vc_column][\/vc_row]<\/p>\n","protected":false},"excerpt":{"rendered":"<p>[vc_row full_width=\u00bbstretch_row_content\u00bb el_class=\u00bbfullwidth\u00bb][vc_column][vc_empty_space][vc_column_text][\/vc_column_text][\/vc_column][\/vc_row][vc_row][vc_column][vc_empty_space height=\u00bb40px\u00bb][\/vc_column][\/vc_row]<\/p>\n","protected":false},"author":5,"featured_media":13040,"parent":0,"menu_order":0,"comment_status":"closed","ping_status":"closed","template":"page.php","meta":{"footnotes":""},"class_list":["post-11835","page","type-page","status-publish","has-post-thumbnail","hentry"],"yoast_head":"<!-- This site is optimized with the Yoast SEO plugin v26.5 - https:\/\/yoast.com\/wordpress\/plugins\/seo\/ -->\n<title>Puntos de atenci\u00f3n - Impuesto Automotor Valle del Cauca<\/title>\n<meta name=\"description\" content=\"Conoce los puntos de atenci\u00f3n que tenemos habilitados para el pago del Impuesto Automotor del departamento de Valle del Cauca.\" \/>\n<meta name=\"robots\" content=\"index, follow, max-snippet:-1, max-image-preview:large, max-video-preview:-1\" \/>\n<link rel=\"canonical\" href=\"https:\/\/vehiculosvalle.com.co\/portalweb\/puntos-de-atencion\/\" \/>\n<meta property=\"og:locale\" content=\"es_ES\" \/>\n<meta property=\"og:type\" content=\"article\" \/>\n<meta property=\"og:title\" content=\"Puntos de atenci\u00f3n - Impuesto Automotor Valle del Cauca\" \/>\n<meta property=\"og:description\" content=\"Conoce los puntos de atenci\u00f3n que tenemos habilitados para el pago del Impuesto Automotor del departamento de Valle del Cauca.\" \/>\n<meta property=\"og:url\" content=\"https:\/\/vehiculosvalle.com.co\/portalweb\/puntos-de-atencion\/\" \/>\n<meta property=\"og:site_name\" content=\"Impuesto Automotor Valle del Cauca\" \/>\n<meta property=\"article:publisher\" content=\"https:\/\/www.facebook.com\/GobValle\/\" \/>\n<meta property=\"article:modified_time\" content=\"2021-07-06T14:00:56+00:00\" \/>\n<meta property=\"og:image\" content=\"https:\/\/vehiculosvalle.com.co\/portalweb\/wp-content\/uploads\/2020\/06\/ImpuestoVehicularValle.jpg\" \/>\n\t<meta property=\"og:image:width\" content=\"200\" \/>\n\t<meta property=\"og:image:height\" content=\"200\" \/>\n\t<meta property=\"og:image:type\" content=\"image\/jpeg\" \/>\n<meta name=\"twitter:card\" content=\"summary_large_image\" \/>\n<meta name=\"twitter:site\" content=\"@GobValle\" \/>\n<meta name=\"twitter:label1\" content=\"Tiempo de lectura\" \/>\n\t<meta name=\"twitter:data1\" content=\"1 minuto\" \/>\n<script type=\"application\/ld+json\" class=\"yoast-schema-graph\">{\"@context\":\"https:\/\/schema.org\",\"@graph\":[{\"@type\":\"WebPage\",\"@id\":\"https:\/\/vehiculosvalle.com.co\/portalweb\/puntos-de-atencion\/\",\"url\":\"https:\/\/vehiculosvalle.com.co\/portalweb\/puntos-de-atencion\/\",\"name\":\"Puntos de atenci\u00f3n - Impuesto Automotor Valle del Cauca\",\"isPartOf\":{\"@id\":\"https:\/\/vehiculosvalle.com.co\/portalweb\/#website\"},\"primaryImageOfPage\":{\"@id\":\"https:\/\/vehiculosvalle.com.co\/portalweb\/puntos-de-atencion\/#primaryimage\"},\"image\":{\"@id\":\"https:\/\/vehiculosvalle.com.co\/portalweb\/puntos-de-atencion\/#primaryimage\"},\"thumbnailUrl\":\"https:\/\/vehiculosvalle.com.co\/portalweb\/wp-content\/uploads\/2020\/06\/ImpuestoVehicularValle.jpg\",\"datePublished\":\"2019-12-17T02:05:05+00:00\",\"dateModified\":\"2021-07-06T14:00:56+00:00\",\"description\":\"Conoce los puntos de atenci\u00f3n que tenemos habilitados para el pago del Impuesto Automotor del departamento de Valle del Cauca.\",\"breadcrumb\":{\"@id\":\"https:\/\/vehiculosvalle.com.co\/portalweb\/puntos-de-atencion\/#breadcrumb\"},\"inLanguage\":\"es\",\"potentialAction\":[{\"@type\":\"ReadAction\",\"target\":[\"https:\/\/vehiculosvalle.com.co\/portalweb\/puntos-de-atencion\/\"]}]},{\"@type\":\"ImageObject\",\"inLanguage\":\"es\",\"@id\":\"https:\/\/vehiculosvalle.com.co\/portalweb\/puntos-de-atencion\/#primaryimage\",\"url\":\"https:\/\/vehiculosvalle.com.co\/portalweb\/wp-content\/uploads\/2020\/06\/ImpuestoVehicularValle.jpg\",\"contentUrl\":\"https:\/\/vehiculosvalle.com.co\/portalweb\/wp-content\/uploads\/2020\/06\/ImpuestoVehicularValle.jpg\",\"width\":200,\"height\":200},{\"@type\":\"BreadcrumbList\",\"@id\":\"https:\/\/vehiculosvalle.com.co\/portalweb\/puntos-de-atencion\/#breadcrumb\",\"itemListElement\":[{\"@type\":\"ListItem\",\"position\":1,\"name\":\"Portada\",\"item\":\"https:\/\/vehiculosvalle.com.co\/portalweb\/\"},{\"@type\":\"ListItem\",\"position\":2,\"name\":\"Puntos de atenci\u00f3n\"}]},{\"@type\":\"WebSite\",\"@id\":\"https:\/\/vehiculosvalle.com.co\/portalweb\/#website\",\"url\":\"https:\/\/vehiculosvalle.com.co\/portalweb\/\",\"name\":\"Impuesto Automotor Valle del Cauca\",\"description\":\"Consulta aqu\u00ed el estado de tu Impuesto Automotor del departamento de Valle del Cauca y paga en l\u00ednea de forma f\u00e1cil y segura.\",\"publisher\":{\"@id\":\"https:\/\/vehiculosvalle.com.co\/portalweb\/#organization\"},\"potentialAction\":[{\"@type\":\"SearchAction\",\"target\":{\"@type\":\"EntryPoint\",\"urlTemplate\":\"https:\/\/vehiculosvalle.com.co\/portalweb\/?s={search_term_string}\"},\"query-input\":{\"@type\":\"PropertyValueSpecification\",\"valueRequired\":true,\"valueName\":\"search_term_string\"}}],\"inLanguage\":\"es\"},{\"@type\":\"Organization\",\"@id\":\"https:\/\/vehiculosvalle.com.co\/portalweb\/#organization\",\"name\":\"Impuesto Vehicular del Valle del Cauca\",\"url\":\"https:\/\/vehiculosvalle.com.co\/portalweb\/\",\"logo\":{\"@type\":\"ImageObject\",\"inLanguage\":\"es\",\"@id\":\"https:\/\/vehiculosvalle.com.co\/portalweb\/#\/schema\/logo\/image\/\",\"url\":\"https:\/\/vehiculosvalle.com.co\/portalweb\/wp-content\/uploads\/2020\/06\/logo.png\",\"contentUrl\":\"https:\/\/vehiculosvalle.com.co\/portalweb\/wp-content\/uploads\/2020\/06\/logo.png\",\"width\":203,\"height\":35,\"caption\":\"Impuesto Vehicular del Valle del Cauca\"},\"image\":{\"@id\":\"https:\/\/vehiculosvalle.com.co\/portalweb\/#\/schema\/logo\/image\/\"},\"sameAs\":[\"https:\/\/www.facebook.com\/GobValle\/\",\"https:\/\/x.com\/GobValle\",\"https:\/\/www.instagram.com\/gobvalle\/\"]}]}<\/script>\n<!-- \/ Yoast SEO plugin. -->","yoast_head_json":{"title":"Puntos de atenci\u00f3n - Impuesto Automotor Valle del Cauca","description":"Conoce los puntos de atenci\u00f3n que tenemos habilitados para el pago del Impuesto Automotor del departamento de Valle del Cauca.","robots":{"index":"index","follow":"follow","max-snippet":"max-snippet:-1","max-image-preview":"max-image-preview:large","max-video-preview":"max-video-preview:-1"},"canonical":"https:\/\/vehiculosvalle.com.co\/portalweb\/puntos-de-atencion\/","og_locale":"es_ES","og_type":"article","og_title":"Puntos de atenci\u00f3n - Impuesto Automotor Valle del Cauca","og_description":"Conoce los puntos de atenci\u00f3n que tenemos habilitados para el pago del Impuesto Automotor del departamento de Valle del Cauca.","og_url":"https:\/\/vehiculosvalle.com.co\/portalweb\/puntos-de-atencion\/","og_site_name":"Impuesto Automotor Valle del Cauca","article_publisher":"https:\/\/www.facebook.com\/GobValle\/","article_modified_time":"2021-07-06T14:00:56+00:00","og_image":[{"width":200,"height":200,"url":"https:\/\/vehiculosvalle.com.co\/portalweb\/wp-content\/uploads\/2020\/06\/ImpuestoVehicularValle.jpg","type":"image\/jpeg"}],"twitter_card":"summary_large_image","twitter_site":"@GobValle","twitter_misc":{"Tiempo de lectura":"1 minuto"},"schema":{"@context":"https:\/\/schema.org","@graph":[{"@type":"WebPage","@id":"https:\/\/vehiculosvalle.com.co\/portalweb\/puntos-de-atencion\/","url":"https:\/\/vehiculosvalle.com.co\/portalweb\/puntos-de-atencion\/","name":"Puntos de atenci\u00f3n - Impuesto Automotor Valle del Cauca","isPartOf":{"@id":"https:\/\/vehiculosvalle.com.co\/portalweb\/#website"},"primaryImageOfPage":{"@id":"https:\/\/vehiculosvalle.com.co\/portalweb\/puntos-de-atencion\/#primaryimage"},"image":{"@id":"https:\/\/vehiculosvalle.com.co\/portalweb\/puntos-de-atencion\/#primaryimage"},"thumbnailUrl":"https:\/\/vehiculosvalle.com.co\/portalweb\/wp-content\/uploads\/2020\/06\/ImpuestoVehicularValle.jpg","datePublished":"2019-12-17T02:05:05+00:00","dateModified":"2021-07-06T14:00:56+00:00","description":"Conoce los puntos de atenci\u00f3n que tenemos habilitados para el pago del Impuesto Automotor del departamento de Valle del Cauca.","breadcrumb":{"@id":"https:\/\/vehiculosvalle.com.co\/portalweb\/puntos-de-atencion\/#breadcrumb"},"inLanguage":"es","potentialAction":[{"@type":"ReadAction","target":["https:\/\/vehiculosvalle.com.co\/portalweb\/puntos-de-atencion\/"]}]},{"@type":"ImageObject","inLanguage":"es","@id":"https:\/\/vehiculosvalle.com.co\/portalweb\/puntos-de-atencion\/#primaryimage","url":"https:\/\/vehiculosvalle.com.co\/portalweb\/wp-content\/uploads\/2020\/06\/ImpuestoVehicularValle.jpg","contentUrl":"https:\/\/vehiculosvalle.com.co\/portalweb\/wp-content\/uploads\/2020\/06\/ImpuestoVehicularValle.jpg","width":200,"height":200},{"@type":"BreadcrumbList","@id":"https:\/\/vehiculosvalle.com.co\/portalweb\/puntos-de-atencion\/#breadcrumb","itemListElement":[{"@type":"ListItem","position":1,"name":"Portada","item":"https:\/\/vehiculosvalle.com.co\/portalweb\/"},{"@type":"ListItem","position":2,"name":"Puntos de atenci\u00f3n"}]},{"@type":"WebSite","@id":"https:\/\/vehiculosvalle.com.co\/portalweb\/#website","url":"https:\/\/vehiculosvalle.com.co\/portalweb\/","name":"Impuesto Automotor Valle del Cauca","description":"Consulta aqu\u00ed el estado de tu Impuesto Automotor del departamento de Valle del Cauca y paga en l\u00ednea de forma f\u00e1cil y segura.","publisher":{"@id":"https:\/\/vehiculosvalle.com.co\/portalweb\/#organization"},"potentialAction":[{"@type":"SearchAction","target":{"@type":"EntryPoint","urlTemplate":"https:\/\/vehiculosvalle.com.co\/portalweb\/?s={search_term_string}"},"query-input":{"@type":"PropertyValueSpecification","valueRequired":true,"valueName":"search_term_string"}}],"inLanguage":"es"},{"@type":"Organization","@id":"https:\/\/vehiculosvalle.com.co\/portalweb\/#organization","name":"Impuesto Vehicular del Valle del Cauca","url":"https:\/\/vehiculosvalle.com.co\/portalweb\/","logo":{"@type":"ImageObject","inLanguage":"es","@id":"https:\/\/vehiculosvalle.com.co\/portalweb\/#\/schema\/logo\/image\/","url":"https:\/\/vehiculosvalle.com.co\/portalweb\/wp-content\/uploads\/2020\/06\/logo.png","contentUrl":"https:\/\/vehiculosvalle.com.co\/portalweb\/wp-content\/uploads\/2020\/06\/logo.png","width":203,"height":35,"caption":"Impuesto Vehicular del Valle del Cauca"},"image":{"@id":"https:\/\/vehiculosvalle.com.co\/portalweb\/#\/schema\/logo\/image\/"},"sameAs":["https:\/\/www.facebook.com\/GobValle\/","https:\/\/x.com\/GobValle","https:\/\/www.instagram.com\/gobvalle\/"]}]}},"_links":{"self":[{"href":"https:\/\/vehiculosvalle.com.co\/portalweb\/wp-json\/wp\/v2\/pages\/11835","targetHints":{"allow":["GET"]}}],"collection":[{"href":"https:\/\/vehiculosvalle.com.co\/portalweb\/wp-json\/wp\/v2\/pages"}],"about":[{"href":"https:\/\/vehiculosvalle.com.co\/portalweb\/wp-json\/wp\/v2\/types\/page"}],"author":[{"embeddable":true,"href":"https:\/\/vehiculosvalle.com.co\/portalweb\/wp-json\/wp\/v2\/users\/5"}],"replies":[{"embeddable":true,"href":"https:\/\/vehiculosvalle.com.co\/portalweb\/wp-json\/wp\/v2\/comments?post=11835"}],"version-history":[{"count":131,"href":"https:\/\/vehiculosvalle.com.co\/portalweb\/wp-json\/wp\/v2\/pages\/11835\/revisions"}],"predecessor-version":[{"id":13353,"href":"https:\/\/vehiculosvalle.com.co\/portalweb\/wp-json\/wp\/v2\/pages\/11835\/revisions\/13353"}],"wp:featuredmedia":[{"embeddable":true,"href":"https:\/\/vehiculosvalle.com.co\/portalweb\/wp-json\/wp\/v2\/media\/13040"}],"wp:attachment":[{"href":"https:\/\/vehiculosvalle.com.co\/portalweb\/wp-json\/wp\/v2\/media?parent=11835"}],"curies":[{"name":"wp","href":"https:\/\/api.w.org\/{rel}","templated":true}]}}